{"id":1537,"date":"2021-12-04T14:07:08","date_gmt":"2021-12-04T13:07:08","guid":{"rendered":"https:\/\/hurni-gruppe.ch\/?page_id=1537"},"modified":"2024-04-29T23:26:37","modified_gmt":"2024-04-29T21:26:37","slug":"actuel","status":"publish","type":"page","link":"https:\/\/hurni-gruppe.ch\/fr\/actuel\/","title":{"rendered":"Actuel"},"content":{"rendered":"\n<div class=\"wp-block-group alignfull has-white-background-color has-background\"><div class=\"wp-block-group__inner-container is-layout-flow wp-block-group-is-layout-flow\">\n<div class=\"wp-block-group\"><div class=\"wp-block-group__inner-container is-layout-flow wp-block-group-is-layout-flow\">\n<h2 class=\"wp-block-heading\">Toujours au courant<\/h2>\n\n\n\n<p class=\"lead\">Des projets captivants, de nouveaux d\u00e9fis ou des informations de la branche: vous trouverez ici toutes les actualit\u00e9s sur nos entreprises.<\/p>\n\n\n<ul class=\"wp-block-latest-posts__list has-dates wp-block-latest-posts\"><li><div class=\"wp-block-latest-posts__featured-image alignleft\"><img loading=\"lazy\" decoding=\"async\" width=\"150\" height=\"150\" src=\"https:\/\/hurni-gruppe.ch\/wp-content\/uploads\/2026\/04\/IMG_6951-150x150.jpeg\" class=\"attachment-thumbnail size-thumbnail wp-post-image\" alt=\"\" style=\"max-width:150px;max-height:150px;\" \/><\/div><a class=\"wp-block-latest-posts__post-title\" href=\"https:\/\/hurni-gruppe.ch\/fr\/de-nouveaux-vehicules-renforcent-la-flotte-du-groupe-hurni\/\">De nouveaux v\u00e9hicules renforcent la flotte du Groupe Hurni<\/a><time datetime=\"2026-04-14T10:57:22+02:00\" class=\"wp-block-latest-posts__post-date\">14 avril 2026<\/time><\/li>\n<li><div class=\"wp-block-latest-posts__featured-image alignleft\"><img loading=\"lazy\" decoding=\"async\" width=\"150\" height=\"150\" src=\"https:\/\/hurni-gruppe.ch\/wp-content\/uploads\/2026\/03\/MOS9446-150x150.jpg\" class=\"attachment-thumbnail size-thumbnail wp-post-image\" alt=\"\" style=\"max-width:150px;max-height:150px;\" \/><\/div><a class=\"wp-block-latest-posts__post-title\" href=\"https:\/\/hurni-gruppe.ch\/fr\/renforcement-a-la-direction\/\">Renforcement \u00e0 la direction<\/a><time datetime=\"2026-03-30T10:27:09+02:00\" class=\"wp-block-latest-posts__post-date\">30 mars 2026<\/time><\/li>\n<li><div class=\"wp-block-latest-posts__featured-image alignleft\"><img loading=\"lazy\" decoding=\"async\" width=\"150\" height=\"150\" src=\"https:\/\/hurni-gruppe.ch\/wp-content\/uploads\/2026\/02\/Gaemse_DSC_7451-150x150.jpg\" class=\"attachment-thumbnail size-thumbnail wp-post-image\" alt=\"\" style=\"max-width:150px;max-height:150px;\" \/><\/div><a class=\"wp-block-latest-posts__post-title\" href=\"https:\/\/hurni-gruppe.ch\/fr\/engagement-pour-la-responsabilite-et-la-durabilite\/\">Engagement pour la responsabilit\u00e9 et la durabilit\u00e9<\/a><time datetime=\"2026-02-25T15:50:38+01:00\" class=\"wp-block-latest-posts__post-date\">25 f\u00e9vrier 2026<\/time><\/li>\n<li><div class=\"wp-block-latest-posts__featured-image alignleft\"><img loading=\"lazy\" decoding=\"async\" width=\"150\" height=\"150\" src=\"https:\/\/hurni-gruppe.ch\/wp-content\/uploads\/2025\/12\/MOS0953-150x150.jpg\" class=\"attachment-thumbnail size-thumbnail wp-post-image\" alt=\"\" style=\"max-width:150px;max-height:150px;\" \/><\/div><a class=\"wp-block-latest-posts__post-title\" href=\"https:\/\/hurni-gruppe.ch\/fr\/normes-elevees-de-qualite-de-securite-et-denvironnement\/\">Normes \u00e9lev\u00e9es de qualit\u00e9, de s\u00e9curit\u00e9 et d&rsquo;environnement<\/a><time datetime=\"2025-12-18T12:02:51+01:00\" class=\"wp-block-latest-posts__post-date\">18 d\u00e9cembre 2025<\/time><\/li>\n<li><div class=\"wp-block-latest-posts__featured-image alignleft\"><img loading=\"lazy\" decoding=\"async\" width=\"150\" height=\"150\" src=\"https:\/\/hurni-gruppe.ch\/wp-content\/uploads\/2025\/12\/MOS9372-150x150.jpg\" class=\"attachment-thumbnail size-thumbnail wp-post-image\" alt=\"\" style=\"max-width:150px;max-height:150px;\" \/><\/div><a class=\"wp-block-latest-posts__post-title\" href=\"https:\/\/hurni-gruppe.ch\/fr\/heures-douverture-pendant-la-fin-de-lannee-2025-20262026\/\">HEURES D&rsquo;OUVERTURE PENDANT LA FIN DE L&rsquo;ANN\u00c9E 2025\/2026<\/a><time datetime=\"2025-12-04T14:27:14+01:00\" class=\"wp-block-latest-posts__post-date\">4 d\u00e9cembre 2025<\/time><\/li>\n<li><div class=\"wp-block-latest-posts__featured-image alignleft\"><img loading=\"lazy\" decoding=\"async\" width=\"150\" height=\"150\" src=\"https:\/\/hurni-gruppe.ch\/wp-content\/uploads\/2025\/12\/MOS2097-150x150.jpg\" class=\"attachment-thumbnail size-thumbnail wp-post-image\" alt=\"\" style=\"max-width:150px;max-height:150px;\" \/><\/div><a class=\"wp-block-latest-posts__post-title\" href=\"https:\/\/hurni-gruppe.ch\/fr\/recyclen-statt-deponieren\/\">RECYCLER AU LIEU DE METTRE EN D\u00c9CHARGERECYCLEN<\/a><time datetime=\"2025-12-04T13:35:51+01:00\" class=\"wp-block-latest-posts__post-date\">4 d\u00e9cembre 2025<\/time><\/li>\n<li><div class=\"wp-block-latest-posts__featured-image alignleft\"><img loading=\"lazy\" decoding=\"async\" width=\"150\" height=\"150\" src=\"https:\/\/hurni-gruppe.ch\/wp-content\/uploads\/2025\/10\/Headerneu-150x150.jpg\" class=\"attachment-thumbnail size-thumbnail wp-post-image\" alt=\"\" style=\"max-width:150px;max-height:150px;\" \/><\/div><a class=\"wp-block-latest-posts__post-title\" href=\"https:\/\/hurni-gruppe.ch\/fr\/industriebau-mit-komplexer-baugrube\/\">Ouvrage industriel avec une fouille complexe<\/a><time datetime=\"2025-10-08T14:34:48+02:00\" class=\"wp-block-latest-posts__post-date\">8 octobre 2025<\/time><\/li>\n<li><div class=\"wp-block-latest-posts__featured-image alignleft\"><img loading=\"lazy\" decoding=\"async\" width=\"150\" height=\"150\" src=\"https:\/\/hurni-gruppe.ch\/wp-content\/uploads\/2025\/09\/header_Abendspatziergang-150x150.jpg\" class=\"attachment-thumbnail size-thumbnail wp-post-image\" alt=\"\" style=\"max-width:150px;max-height:150px;\" \/><\/div><a class=\"wp-block-latest-posts__post-title\" href=\"https:\/\/hurni-gruppe.ch\/fr\/extraction-de-gravier-et-archeologie-un-apercu-passionnant-sur-place\/\">Extraction de gravier et arch\u00e9ologie \u2013 un aper\u00e7u passionnant sur place<\/a><time datetime=\"2025-09-30T13:31:23+02:00\" class=\"wp-block-latest-posts__post-date\">30 septembre 2025<\/time><\/li>\n<li><div class=\"wp-block-latest-posts__featured-image alignleft\"><img loading=\"lazy\" decoding=\"async\" width=\"150\" height=\"150\" src=\"https:\/\/hurni-gruppe.ch\/wp-content\/uploads\/2025\/09\/header_kallnach-150x150.jpg\" class=\"attachment-thumbnail size-thumbnail wp-post-image\" alt=\"\" style=\"max-width:150px;max-height:150px;\" \/><\/div><a class=\"wp-block-latest-posts__post-title\" href=\"https:\/\/hurni-gruppe.ch\/fr\/hurni-au-salon-industriel-de-chouchignies\/\">Hurni au salon industriel de Chouchignies<\/a><time datetime=\"2025-09-25T15:26:12+02:00\" class=\"wp-block-latest-posts__post-date\">25 septembre 2025<\/time><\/li>\n<li><div class=\"wp-block-latest-posts__featured-image alignleft\"><img loading=\"lazy\" decoding=\"async\" width=\"150\" height=\"150\" src=\"https:\/\/hurni-gruppe.ch\/wp-content\/uploads\/2025\/06\/3_MOS1707-1-150x150.jpg\" class=\"attachment-thumbnail size-thumbnail wp-post-image\" alt=\"\" style=\"max-width:150px;max-height:150px;\" \/><\/div><a class=\"wp-block-latest-posts__post-title\" href=\"https:\/\/hurni-gruppe.ch\/fr\/hurni-gravier-et-beton-s-a-participe-a-la-construction-du-campus-bfh-a-bienne\/\">Hurni gravier et b\u00e9ton S.A. participe \u00e0 la construction du Campus BFH \u00e0 Bienne<\/a><time datetime=\"2025-06-26T10:04:32+02:00\" class=\"wp-block-latest-posts__post-date\">26 juin 2025<\/time><\/li>\n<li><div class=\"wp-block-latest-posts__featured-image alignleft\"><img loading=\"lazy\" decoding=\"async\" width=\"150\" height=\"150\" src=\"https:\/\/hurni-gruppe.ch\/wp-content\/uploads\/2025\/06\/WhatsApp-Image-2025-06-18-at-11.24.598-150x150.jpeg\" class=\"attachment-thumbnail size-thumbnail wp-post-image\" alt=\"\" style=\"max-width:150px;max-height:150px;\" \/><\/div><a class=\"wp-block-latest-posts__post-title\" href=\"https:\/\/hurni-gruppe.ch\/fr\/gravieres-des-refuges-pleines-de-vie\/\">Gravi\u00e8res \u2013 des refuges pleines de vie<\/a><time datetime=\"2025-06-18T13:46:51+02:00\" class=\"wp-block-latest-posts__post-date\">18 juin 2025<\/time><\/li>\n<li><div class=\"wp-block-latest-posts__featured-image alignleft\"><img loading=\"lazy\" decoding=\"async\" width=\"150\" height=\"150\" src=\"https:\/\/hurni-gruppe.ch\/wp-content\/uploads\/2025\/03\/Kallnach_Kiesgrube-1-150x150.jpg\" class=\"attachment-thumbnail size-thumbnail wp-post-image\" alt=\"\" style=\"max-width:150px;max-height:150px;\" \/><\/div><a class=\"wp-block-latest-posts__post-title\" href=\"https:\/\/hurni-gruppe.ch\/fr\/tresors-du-passe\/\">Tr\u00e9sors du pass\u00e9<\/a><time datetime=\"2025-05-22T14:13:39+02:00\" class=\"wp-block-latest-posts__post-date\">22 mai 2025<\/time><\/li>\n<li><div class=\"wp-block-latest-posts__featured-image alignleft\"><img loading=\"lazy\" decoding=\"async\" width=\"150\" height=\"150\" src=\"https:\/\/hurni-gruppe.ch\/wp-content\/uploads\/2023\/01\/Team-150x150.jpg\" class=\"attachment-thumbnail size-thumbnail wp-post-image\" alt=\"\" style=\"max-width:150px;max-height:150px;\" \/><\/div><a class=\"wp-block-latest-posts__post-title\" href=\"https:\/\/hurni-gruppe.ch\/fr\/veranderung-in-der-unternehmensleitung\/\">Communication aux clients<\/a><time datetime=\"2025-01-31T15:33:32+01:00\" class=\"wp-block-latest-posts__post-date\">31 janvier 2025<\/time><\/li>\n<li><div class=\"wp-block-latest-posts__featured-image alignleft\"><img loading=\"lazy\" decoding=\"async\" width=\"150\" height=\"150\" src=\"https:\/\/hurni-gruppe.ch\/wp-content\/uploads\/2025\/01\/Jahreshoeck_Website_be-150x150.jpeg\" class=\"attachment-thumbnail size-thumbnail wp-post-image\" alt=\"\" style=\"max-width:150px;max-height:150px;\" \/><\/div><a class=\"wp-block-latest-posts__post-title\" href=\"https:\/\/hurni-gruppe.ch\/fr\/reunion-annuelle-2024\/\">R\u00e9union annuelle 2024<\/a><time datetime=\"2025-01-20T16:47:26+01:00\" class=\"wp-block-latest-posts__post-date\">20 janvier 2025<\/time><\/li>\n<li><div class=\"wp-block-latest-posts__featured-image alignleft\"><img loading=\"lazy\" decoding=\"async\" width=\"150\" height=\"150\" src=\"https:\/\/hurni-gruppe.ch\/wp-content\/uploads\/2024\/11\/Uferschwalben2-150x150.jpg\" class=\"attachment-thumbnail size-thumbnail wp-post-image\" alt=\"\" style=\"max-width:150px;max-height:150px;\" \/><\/div><a class=\"wp-block-latest-posts__post-title\" href=\"https:\/\/hurni-gruppe.ch\/fr\/la-graviere-est-vivante\/\">La gravi\u00e8re est vivante!<\/a><time datetime=\"2024-11-26T09:00:00+01:00\" class=\"wp-block-latest-posts__post-date\">26 novembre 2024<\/time><\/li>\n<li><div class=\"wp-block-latest-posts__featured-image alignleft\"><img loading=\"lazy\" decoding=\"async\" width=\"150\" height=\"150\" src=\"https:\/\/hurni-gruppe.ch\/wp-content\/uploads\/2024\/09\/20241024-150x150.jpg\" class=\"attachment-thumbnail size-thumbnail wp-post-image\" alt=\"\" style=\"max-width:150px;max-height:150px;\" \/><\/div><a class=\"wp-block-latest-posts__post-title\" href=\"https:\/\/hurni-gruppe.ch\/fr\/informationstag-der-burgergemeinde-kallnach\/\">Journ\u00e9e d&rsquo;information de la Bourgeoisie de Chouchignies<\/a><time datetime=\"2024-09-24T17:36:09+02:00\" class=\"wp-block-latest-posts__post-date\">24 septembre 2024<\/time><\/li>\n<li><div class=\"wp-block-latest-posts__featured-image alignleft\"><img loading=\"lazy\" decoding=\"async\" width=\"150\" height=\"150\" src=\"https:\/\/hurni-gruppe.ch\/wp-content\/uploads\/2024\/06\/Uebernahme-5-A-und-4-A-Hakengeraet_2024-05-17-150x150.jpg\" class=\"attachment-thumbnail size-thumbnail wp-post-image\" alt=\"\" style=\"max-width:150px;max-height:150px;\" \/><\/div><a class=\"wp-block-latest-posts__post-title\" href=\"https:\/\/hurni-gruppe.ch\/fr\/les-deux-nouveaux-costauds\/\">Les deux nouveaux costauds<\/a><time datetime=\"2024-06-27T13:52:59+02:00\" class=\"wp-block-latest-posts__post-date\">27 juin 2024<\/time><\/li>\n<li><div class=\"wp-block-latest-posts__featured-image alignleft\"><img loading=\"lazy\" decoding=\"async\" width=\"150\" height=\"150\" src=\"https:\/\/hurni-gruppe.ch\/wp-content\/uploads\/2023\/11\/image00014-150x150.jpeg\" class=\"attachment-thumbnail size-thumbnail wp-post-image\" alt=\"\" style=\"max-width:150px;max-height:150px;\" \/><\/div><a class=\"wp-block-latest-posts__post-title\" href=\"https:\/\/hurni-gruppe.ch\/fr\/preserver-les-ressources-grace-a-la-pensee-circulaire\/\">Pr\u00e9server les ressources gr\u00e2ce \u00e0 la pens\u00e9e circulaire<\/a><time datetime=\"2023-11-16T16:30:23+01:00\" class=\"wp-block-latest-posts__post-date\">16 novembre 2023<\/time><\/li>\n<li><div class=\"wp-block-latest-posts__featured-image alignleft\"><img loading=\"lazy\" decoding=\"async\" width=\"150\" height=\"150\" src=\"https:\/\/hurni-gruppe.ch\/wp-content\/uploads\/2023\/11\/aktuell_202311-150x150.jpg\" class=\"attachment-thumbnail size-thumbnail wp-post-image\" alt=\"\" style=\"max-width:150px;max-height:150px;\" \/><\/div><a class=\"wp-block-latest-posts__post-title\" href=\"https:\/\/hurni-gruppe.ch\/fr\/penser-et-agir-de-maniere-durable\/\">Penser et agir de mani\u00e8re durable<\/a><time datetime=\"2023-11-16T14:59:35+01:00\" class=\"wp-block-latest-posts__post-date\">16 novembre 2023<\/time><\/li>\n<li><div class=\"wp-block-latest-posts__featured-image alignleft\"><img loading=\"lazy\" decoding=\"async\" width=\"150\" height=\"150\" src=\"https:\/\/hurni-gruppe.ch\/wp-content\/uploads\/2023\/03\/Asphalt-150x150.jpg\" class=\"attachment-thumbnail size-thumbnail wp-post-image\" alt=\"\" style=\"max-width:150px;max-height:150px;\" \/><\/div><a class=\"wp-block-latest-posts__post-title\" href=\"https:\/\/hurni-gruppe.ch\/fr\/anderung-annahmebedingungen-der-hurni-gruppe-fur-asphalt-produkte\/\">Modification des conditions d&rsquo;acceptation du groupe Hurni pour les produits bitumineux<\/a><time datetime=\"2023-03-20T14:04:42+01:00\" class=\"wp-block-latest-posts__post-date\">20 mars 2023<\/time><\/li>\n<li><div class=\"wp-block-latest-posts__featured-image alignleft\"><img loading=\"lazy\" decoding=\"async\" width=\"150\" height=\"150\" src=\"https:\/\/hurni-gruppe.ch\/wp-content\/uploads\/2023\/03\/MOS0807-1-150x150.jpg\" class=\"attachment-thumbnail size-thumbnail wp-post-image\" alt=\"\" style=\"max-width:150px;max-height:150px;\" \/><\/div><a class=\"wp-block-latest-posts__post-title\" href=\"https:\/\/hurni-gruppe.ch\/fr\/adaptation-actuelle-des-prix\/\">Adaptation du suppl\u00e9ment de prix de l&rsquo;\u00e9nergie sur les transports au 1er f\u00e9vrier 2023<\/a><time datetime=\"2023-02-01T19:16:57+01:00\" class=\"wp-block-latest-posts__post-date\">1 f\u00e9vrier 2023<\/time><\/li>\n<\/ul><\/div><\/div>\n<\/div><\/div>\n","protected":false},"excerpt":{"rendered":"<p>Toujours au courant Des projets captivants, de nouveaux d\u00e9fis ou des informations de la branche: vous trouverez ici toutes les actualit\u00e9s sur nos entreprises.<\/p>\n","protected":false},"author":2,"featured_media":1192,"parent":0,"menu_order":200,"comment_status":"closed","ping_status":"closed","template":"","meta":{"inline_featured_image":false,"_uag_custom_page_level_css":"","pgc_sgb_lightbox_settings":"","footnotes":""},"class_list":["post-1537","page","type-page","status-publish","has-post-thumbnail","hentry"],"aioseo_notices":[],"uagb_featured_image_src":{"full":["https:\/\/hurni-gruppe.ch\/wp-content\/uploads\/2021\/12\/header_aktuell-scaled.jpg",2560,853,false],"thumbnail":["https:\/\/hurni-gruppe.ch\/wp-content\/uploads\/2021\/12\/header_aktuell-150x150.jpg",150,150,true],"medium":["https:\/\/hurni-gruppe.ch\/wp-content\/uploads\/2021\/12\/header_aktuell-300x100.jpg",300,100,true],"medium_large":["https:\/\/hurni-gruppe.ch\/wp-content\/uploads\/2021\/12\/header_aktuell-768x256.jpg",768,256,true],"large":["https:\/\/hurni-gruppe.ch\/wp-content\/uploads\/2021\/12\/header_aktuell-1024x341.jpg",843,281,true],"1536x1536":["https:\/\/hurni-gruppe.ch\/wp-content\/uploads\/2021\/12\/header_aktuell-1536x512.jpg",1536,512,true],"2048x2048":["https:\/\/hurni-gruppe.ch\/wp-content\/uploads\/2021\/12\/header_aktuell-2048x683.jpg",2048,683,true]},"uagb_author_info":{"display_name":"gffh","author_link":"https:\/\/hurni-gruppe.ch\/fr\/author\/gffh\/"},"uagb_comment_info":0,"uagb_excerpt":"Toujours au courant Des projets captivants, de nouveaux d\u00e9fis ou des informations de la branche: vous trouverez ici toutes les actualit\u00e9s sur nos entreprises.","_links":{"self":[{"href":"https:\/\/hurni-gruppe.ch\/fr\/wp-json\/wp\/v2\/pages\/1537","targetHints":{"allow":["GET"]}}],"collection":[{"href":"https:\/\/hurni-gruppe.ch\/fr\/wp-json\/wp\/v2\/pages"}],"about":[{"href":"https:\/\/hurni-gruppe.ch\/fr\/wp-json\/wp\/v2\/types\/page"}],"author":[{"embeddable":true,"href":"https:\/\/hurni-gruppe.ch\/fr\/wp-json\/wp\/v2\/users\/2"}],"replies":[{"embeddable":true,"href":"https:\/\/hurni-gruppe.ch\/fr\/wp-json\/wp\/v2\/comments?post=1537"}],"version-history":[{"count":15,"href":"https:\/\/hurni-gruppe.ch\/fr\/wp-json\/wp\/v2\/pages\/1537\/revisions"}],"predecessor-version":[{"id":3107,"href":"https:\/\/hurni-gruppe.ch\/fr\/wp-json\/wp\/v2\/pages\/1537\/revisions\/3107"}],"wp:featuredmedia":[{"embeddable":true,"href":"https:\/\/hurni-gruppe.ch\/fr\/wp-json\/wp\/v2\/media\/1192"}],"wp:attachment":[{"href":"https:\/\/hurni-gruppe.ch\/fr\/wp-json\/wp\/v2\/media?parent=1537"}],"curies":[{"name":"wp","href":"https:\/\/api.w.org\/{rel}","templated":true}]}}