{"id":1566,"date":"2021-12-04T14:01:10","date_gmt":"2021-12-04T13:01:10","guid":{"rendered":"https:\/\/hurni-gruppe.ch\/?page_id=1566"},"modified":"2026-03-26T18:36:11","modified_gmt":"2026-03-26T17:36:11","slug":"liste-de-prix","status":"publish","type":"page","link":"https:\/\/hurni-gruppe.ch\/fr\/liste-de-prix\/","title":{"rendered":"Liste de prix"},"content":{"rendered":"\n<div class=\"wp-block-group alignfull has-white-background-color has-background\"><div class=\"wp-block-group__inner-container is-layout-flow wp-block-group-is-layout-flow\">\n<div class=\"wp-block-group\"><div class=\"wp-block-group__inner-container is-layout-flow wp-block-group-is-layout-flow\">\n<h2 class=\"wp-block-heading\">Commande et vente \u2013 comp\u00e9tence, simplicit\u00e9 et convivialit\u00e9<\/h2>\n\n\n\n<p class=\"lead\">Pour chaque question une solution, pour chaque probl\u00e8me une solution, pour chaque chantier le bon mat\u00e9riau et le meilleur transport. Un appel ou courriel suffit.<\/p>\n<\/div><\/div>\n<\/div><\/div>\n\n\n\n<div class=\"wp-block-group alignfull has-gray-light-background-color has-background\"><div class=\"wp-block-group__inner-container is-layout-flow wp-block-group-is-layout-flow\">\n<div class=\"wp-block-group\"><div class=\"wp-block-group__inner-container is-layout-constrained wp-block-group-is-layout-constrained\">\n<h2 class=\"wp-block-heading\">Adaptation des prix pour le transport, le gravier et la mise en d\u00e9charge d\u00e8s le 1<sup>er<\/sup> avril 2026<\/h2>\n\n\n\n<div class=\"wp-block-columns is-layout-flex wp-container-core-columns-is-layout-9d6595d7 wp-block-columns-is-layout-flex\">\n<div class=\"wp-block-column is-layout-flow wp-block-column-is-layout-flow\">\n<p>La guerre en Iran a boulevers\u00e9 les march\u00e9s de l\u2019\u00e9nergie et entra\u00een\u00e9 une forte volatilit\u00e9 persistante des prix. En particulier, les prix du diesel ont fortement augment\u00e9. Cette situation repr\u00e9sente actuellement un d\u00e9fi majeur pour notre branche.<\/p>\n\n\n\n<p>Afin de pouvoir continuer \u00e0 garantir des livraisons fiables et de haute qualit\u00e9 comme \u00e0 l\u2019accoutum\u00e9e, nous nous voyons contraints d\u2019ajuster mod\u00e9r\u00e9ment nos prix de transport selon le tarif ASTAG en vigueur, avec une augmentation de 3% \u00e0 compter du 1<sup>er<\/sup> avril 2026. Les prix du gravier et de la mise en d\u00e9charge seront augment\u00e9s de 0,5%.<\/p>\n\n\n\n<p>Bien entendu, nous suivons attentivement l\u2019\u00e9volution de la situation. En cas de changements, d\u2019\u00e9ventuelles adaptations seront effectu\u00e9es de mani\u00e8re transparente au 1er jour du mois suivant.<\/p>\n\n\n\n<p>Nous vous remercions sinc\u00e8rement pour votre compr\u00e9hension et la confiance que vous nous accordez. Nous restons \u00e0 votre enti\u00e8re disposition pour toute question ou pour un entretien personnel.<\/p>\n\n\n\n<div style=\"height:10px\" aria-hidden=\"true\" class=\"wp-block-spacer\"><\/div>\n\n\n\n<div class=\"wp-block-file\"><a id=\"wp-block-file--media-123c13df-ccfd-4b0f-ba53-9daf388b5d56\" href=\"https:\/\/hurni-gruppe.ch\/wp-content\/uploads\/2026\/03\/2026-Hurni-Gruppe-Brief-Preisanpassung-per-01.04.2026-f-unterzeichnet.pdf\" target=\"_blank\" rel=\"noreferrer noopener\">Fichier PDF<\/a><a href=\"https:\/\/hurni-gruppe.ch\/wp-content\/uploads\/2026\/03\/2026-Hurni-Gruppe-Brief-Preisanpassung-per-01.04.2026-f-unterzeichnet.pdf\" class=\"wp-block-file__button wp-element-button\" download aria-describedby=\"wp-block-file--media-123c13df-ccfd-4b0f-ba53-9daf388b5d56\">t\u00e9l\u00e9charger<\/a><\/div>\n<\/div>\n<\/div>\n<\/div><\/div>\n<\/div><\/div>\n\n\n\n<div class=\"wp-block-group alignfull has-white-background-color has-background\"><div class=\"wp-block-group__inner-container is-layout-flow wp-block-group-is-layout-flow\">\n<div class=\"wp-block-group\"><div class=\"wp-block-group__inner-container is-layout-constrained wp-block-group-is-layout-constrained\">\n<h2 class=\"wp-block-heading\">Lettre d&rsquo;information Tarifs 2026<\/h2>\n\n\n\n<div class=\"wp-block-columns is-layout-flex wp-container-core-columns-is-layout-9d6595d7 wp-block-columns-is-layout-flex\">\n<div class=\"wp-block-column is-layout-flow wp-block-column-is-layout-flow\">\n<p>Diff\u00e9rents facteurs de rench\u00e9rissement entra\u00eenent une augmentation de nos co\u00fbts de production. Les exigences environnementales ainsi que les prescriptions techniques engendrent des co\u00fbts d\u2019exploitation et de remise en \u00e9tat plus \u00e9lev\u00e9s pour la d\u00e9charge de type B. \u00c0 cela s\u2019ajoutent les hausses de prix du ciment ainsi que l\u2019augmentation de la taxe environnementale sur les livraisons de ciment. Pour ces raisons, nous adaptons nos prix au 1er janvier 2026 comme suit:<\/p>\n\n\n\n<p><strong>B\u00e9ton:<\/strong> Augmentation du prix de base de +1.2%. Adaptation de la taxe environnementale \u00e0 CHF 5.50\/m\u00b3<\/p>\n\n\n\n<p><strong>Graviers:<\/strong> Augmentation du prix de base de +0.5%<\/p>\n\n\n\n<p><strong>D\u00e9charge: <\/strong>Type A: inchang\u00e9 \/ Type B: augmentation du prix de base de CHF 5.85\/m\u00b3. Les enrob\u00e9s bitumineux ne sont d\u00e9sormais accept\u00e9s qu\u2019avec une demande d\u2019\u00e9limination approuv\u00e9e (AEI).<\/p>\n\n\n\n<p><strong>Transports: <\/strong>Augmentation du prix de base de +1%<\/p>\n\n\n\n<p><strong>Pompe \u00e0 b\u00e9ton:<\/strong> inchang\u00e9<\/p>\n\n\n\n<p><strong>Remo: <\/strong>Diff\u00e9rentes adaptations selon la nouvelle liste de prix<\/p>\n\n\n\n<p><strong>Carri\u00e8re: <\/strong>Augmentation du prix de base de +0.5%<\/p>\n\n\n\n<p>La production de <strong>mortier<\/strong> sera arr\u00eat\u00e9e au 31.12.2026.<\/p>\n<\/div>\n\n\n\n<div class=\"wp-block-column is-layout-flow wp-block-column-is-layout-flow\">\n<p>D\u00e9sormais, le suppl\u00e9ment pour les <strong>bennes<\/strong> de 5 \u00e0 12 m\u00b3 est inclus dans le prix du transport. La facturation s\u00e9par\u00e9e de ce suppl\u00e9ment est ainsi supprim\u00e9e. Par ailleurs, les prix de base pour le transport des bennes sont \u00e9galement augment\u00e9s de +1%.<\/p>\n\n\n\n<p>Conform\u00e9ment \u00e0 la nouvelle notice de l\u2019Office de l\u2019eau et des d\u00e9chets du 15 septembre 2025, <strong>les d\u00e9chets contenant de l\u2019amiante 170698 (nk)<\/strong> ne peuvent \u00eatre livr\u00e9s que conditionn\u00e9s. Nous vous prions de tenir compte des horaires de livraison indiqu\u00e9s dans notre liste de prix.<\/p>\n\n\n\n<p>La liste de prix 2026 sera disponible en ligne d\u00e8s janvier sur notre site internet. Nous avons examin\u00e9 et, le cas \u00e9ch\u00e9ant, compl\u00e9t\u00e9 nos offres. Selon les groupes de produits, les prix de vente ont \u00e9t\u00e9 recalcul\u00e9s et adapt\u00e9s aux nouvelles conditions-cadres.<\/p>\n\n\n\n<p>Nous sommes convaincus de pouvoir continuer \u00e0 vous accompagner l\u2019ann\u00e9e prochaine avec une offre de prestations comp\u00e9titive et innovante. N\u2019h\u00e9sitez pas \u00e0 \u00e9valuer nos conseils, produits et services. Nous nous tenons volontiers \u00e0 votre disposition pour \u00e9tablir une offre comp\u00e9titive.<\/p>\n\n\n\n<div style=\"height:10px\" aria-hidden=\"true\" class=\"wp-block-spacer\"><\/div>\n\n\n\n<div class=\"wp-block-file\"><a target=\"_blank\" rel=\"noreferrer noopener\">Fichier PDF<\/a><a href=\"https:\/\/hurni-gruppe.ch\/wp-content\/uploads\/2025\/12\/Lettre-dinformation-Tarifs-2026.pdf\" class=\"wp-block-file__button wp-element-button\" download>t\u00e9l\u00e9charger<\/a><\/div>\n<\/div>\n<\/div>\n<\/div><\/div>\n<\/div><\/div>\n\n\n\n<div class=\"wp-block-group alignfull has-gray-light-background-color has-background\"><div class=\"wp-block-group__inner-container is-layout-flow wp-block-group-is-layout-flow\">\n<div class=\"wp-block-group\"><div class=\"wp-block-group__inner-container is-layout-constrained wp-block-group-is-layout-constrained\">\n<h2 class=\"wp-block-heading\">Liste de prix valable \u00e0 partir du 1<sup>er<\/sup> janvier 2026<\/h2>\n\n\n\n<div style=\"display:block\">\n<!-- FlowPaper PDF flipbook plugin v.2.0.6 wordpress.org\/plugins\/flowpaper\/ -->\n<iframe title=\"FlowPaper flipbook pdf viewer\" width=\"100%\" height=\"900\" scrolling=\"no\" class=\"flowpaper-class\" frameborder=\"0\" allowFullScreen=\"true\" lightbox=\"false\" cover id src = \"https:\/\/flowpaper.com\/flipbook\/?pdf=https:\/\/hurni-gruppe.ch\/wp-content\/uploads\/2026\/01\/def_Preisliste_2026_GESAMT.pdf?wp-hosted=1&title=&header=&theme=&singlepage=&thumbs=1&modified=260326636\" seamless=\"seamless\" style=\"margin-bottom:0;display:block;\">Your browser does not seem to support iframes. <a href=\"https:\/\/flowpaper.com\/flipbook\/?pdf=https:\/\/hurni-gruppe.ch\/wp-content\/uploads\/2026\/01\/def_Preisliste_2026_GESAMT.pdf?wp-hosted=1\" target=\"_blank\">Click here to read this PDF<\/a>.<\/iframe>\n<div id=\"flowpaper-logo-bottom\" class=\"flowpaper-logo-bg\" style=\"background:linear-gradient(to right, rgba(0,0,0,0.65) 0%,rgba(0,0,0,0) 200px);width:100%;height:19px; padding-bottom: 1px; padding-left: 5px; padding-right: 10px; display: flex; align-items: center;z-index:9999\"><span style=\"height: 37px; padding-left: 6px;width:90%\"> <a id=\"flowpaper-link\" style=\"fill: #fff\" alt=\"FlowPaper logotype\" title=\"FlowPaper logotype\" href=\"https:\/\/flowpaper.com\" target=\"_blank\"> <img decoding=\"async\" alt=\"Publish PDF flipbooks online\" style=\"height:17px;width:auto;margin-top:11px;\" src=\"https:\/\/hurni-gruppe.ch\/wp-content\/plugins\/flowpaper-lite-pdf-flipbook\/assets\/flowpaper-logo.png\" border=\"0\"> <\/a> <\/span><span style=\" float: right; right: 0; font-size: 10px; white-space: nowrap; opacity:0.8\"><a href=\"https:\/\/flowpaper.com\/flipbook-maker\/\" target=\"_new\" style=\"text-decoration:none;border-bottom:none;\">Created using FlowPaper Flipbook Maker &#8599;<\/a><\/span><\/div><\/div>\r\n                <script>\r\n                document.addEventListener(\"DOMContentLoaded\", function(){\r\n                    var target_element, iframe_element;\r\n                    iframe_element = document.querySelector(\"iframe.flowpaper-class\");\r\n                    target_element = document.querySelector(\"\");\r\n                    iframe_element.style.height = target_element.offsetHeight + \"px\";\r\n                });\r\n                <\/script>\r\n            \n\n\n\n<ul class=\"wp-block-list\">\n<li><a href=\"https:\/\/hurni-gruppe.ch\/wp-content\/uploads\/2026\/01\/def_Preisliste_2026_GESAMT.pdf\" target=\"_blank\" rel=\"noopener\" title=\"\">Liste de prix totale du groupe Hurni<\/a><\/li>\n\n\n\n<li><a href=\"https:\/\/hurni-gruppe.ch\/wp-content\/uploads\/2026\/01\/def_Preisliste_2026_BAUSTOFFE.pdf\" target=\"_blank\" rel=\"noopener\" title=\"\">Liste de prix Mat\u00e9riaux &amp; construction<\/a><\/li>\n\n\n\n<li><a href=\"https:\/\/hurni-gruppe.ch\/wp-content\/uploads\/2026\/01\/Preisliste_2026_ENTSORGUNG_und_RECYCLING.pdf\" target=\"_blank\" rel=\"noopener\" title=\"\">Liste de prix Elimination &amp; recyclage<\/a><\/li>\n\n\n\n<li><a href=\"https:\/\/hurni-gruppe.ch\/wp-content\/uploads\/2026\/01\/Preisliste_2026_AUSHUB_und_RUECKBAU.pdf\" target=\"_blank\" rel=\"noopener\" title=\"\">Excavation &amp; D\u00e9construction<\/a><\/li>\n\n\n\n<li><a href=\"https:\/\/hurni-gruppe.ch\/wp-content\/uploads\/2026\/01\/Preisliste_2026_REMO.pdf\" target=\"_blank\" rel=\"noopener\" title=\"\">Liste de prix Remo Recycling<\/a><\/li>\n\n\n\n<li><a href=\"https:\/\/hurni-gruppe.ch\/wp-content\/uploads\/2026\/01\/Preisliste_2026_STEINBRUCH-VORBERG.pdf\" target=\"_blank\" rel=\"noopener\" title=\"\">Liste de prix Steinbruch Vorberg<\/a><\/li>\n\n\n\n<li><a href=\"https:\/\/hurni-gruppe.ch\/wp-content\/uploads\/2026\/01\/Preisliste_2026_SICHERHEITSDATENBLAETTER.pdf\" target=\"_blank\" rel=\"noopener\" title=\"\">Fiches de donn\u00e9es de s\u00e9curit\u00e9<\/a><\/li>\n<\/ul>\n<\/div><\/div>\n<\/div><\/div>\n","protected":false},"excerpt":{"rendered":"<p>Commande et vente \u2013 comp\u00e9tence, simplicit\u00e9 et convivialit\u00e9 Pour chaque question une solution, pour chaque probl\u00e8me une solution, pour chaque chantier le bon mat\u00e9riau et&hellip;<\/p>\n","protected":false},"author":2,"featured_media":1152,"parent":0,"menu_order":300,"comment_status":"closed","ping_status":"closed","template":"","meta":{"inline_featured_image":false,"_uag_custom_page_level_css":"","pgc_sgb_lightbox_settings":"","footnotes":""},"class_list":["post-1566","page","type-page","status-publish","has-post-thumbnail","hentry"],"aioseo_notices":[],"uagb_featured_image_src":{"full":["https:\/\/hurni-gruppe.ch\/wp-content\/uploads\/2021\/12\/Header_Preisliste.jpg",1500,500,false],"thumbnail":["https:\/\/hurni-gruppe.ch\/wp-content\/uploads\/2021\/12\/Header_Preisliste-150x150.jpg",150,150,true],"medium":["https:\/\/hurni-gruppe.ch\/wp-content\/uploads\/2021\/12\/Header_Preisliste-300x100.jpg",300,100,true],"medium_large":["https:\/\/hurni-gruppe.ch\/wp-content\/uploads\/2021\/12\/Header_Preisliste-768x256.jpg",768,256,true],"large":["https:\/\/hurni-gruppe.ch\/wp-content\/uploads\/2021\/12\/Header_Preisliste-1024x341.jpg",843,281,true],"1536x1536":["https:\/\/hurni-gruppe.ch\/wp-content\/uploads\/2021\/12\/Header_Preisliste.jpg",1500,500,false],"2048x2048":["https:\/\/hurni-gruppe.ch\/wp-content\/uploads\/2021\/12\/Header_Preisliste.jpg",1500,500,false]},"uagb_author_info":{"display_name":"gffh","author_link":"https:\/\/hurni-gruppe.ch\/fr\/author\/gffh\/"},"uagb_comment_info":0,"uagb_excerpt":"Commande et vente \u2013 comp\u00e9tence, simplicit\u00e9 et convivialit\u00e9 Pour chaque question une solution, pour chaque probl\u00e8me une solution, pour chaque chantier le bon mat\u00e9riau et&hellip;","_links":{"self":[{"href":"https:\/\/hurni-gruppe.ch\/fr\/wp-json\/wp\/v2\/pages\/1566","targetHints":{"allow":["GET"]}}],"collection":[{"href":"https:\/\/hurni-gruppe.ch\/fr\/wp-json\/wp\/v2\/pages"}],"about":[{"href":"https:\/\/hurni-gruppe.ch\/fr\/wp-json\/wp\/v2\/types\/page"}],"author":[{"embeddable":true,"href":"https:\/\/hurni-gruppe.ch\/fr\/wp-json\/wp\/v2\/users\/2"}],"replies":[{"embeddable":true,"href":"https:\/\/hurni-gruppe.ch\/fr\/wp-json\/wp\/v2\/comments?post=1566"}],"version-history":[{"count":76,"href":"https:\/\/hurni-gruppe.ch\/fr\/wp-json\/wp\/v2\/pages\/1566\/revisions"}],"predecessor-version":[{"id":4733,"href":"https:\/\/hurni-gruppe.ch\/fr\/wp-json\/wp\/v2\/pages\/1566\/revisions\/4733"}],"wp:featuredmedia":[{"embeddable":true,"href":"https:\/\/hurni-gruppe.ch\/fr\/wp-json\/wp\/v2\/media\/1152"}],"wp:attachment":[{"href":"https:\/\/hurni-gruppe.ch\/fr\/wp-json\/wp\/v2\/media?parent=1566"}],"curies":[{"name":"wp","href":"https:\/\/api.w.org\/{rel}","templated":true}]}}