{"id":1568,"date":"2021-11-19T13:26:29","date_gmt":"2021-11-19T12:26:29","guid":{"rendered":"https:\/\/hurni-gruppe.ch\/?page_id=1568"},"modified":"2026-03-30T10:46:39","modified_gmt":"2026-03-30T08:46:39","slug":"contact","status":"publish","type":"page","link":"https:\/\/hurni-gruppe.ch\/fr\/contact\/","title":{"rendered":"Contact \u2013 comment nous joindre"},"content":{"rendered":"\n<div class=\"wp-block-group alignfull has-white-background-color has-background\"><div class=\"wp-block-group__inner-container is-layout-flow wp-block-group-is-layout-flow\">\n<div id=\"Conseil-d'administration\" class=\"wp-block-group\"><div class=\"wp-block-group__inner-container is-layout-flow wp-block-group-is-layout-flow\">\n<h2 class=\"wp-block-heading\">Conseil d&rsquo;administration<\/h2>\n\n\n\n<div class=\"wp-block-columns alignwide is-layout-flex wp-container-core-columns-is-layout-9d6595d7 wp-block-columns-is-layout-flex\">\n<div class=\"wp-block-column is-layout-flow wp-block-column-is-layout-flow\" style=\"flex-basis:250px\">\n<figure class=\"wp-block-image size-full is-resized\"><img loading=\"lazy\" decoding=\"async\" width=\"200\" height=\"300\" src=\"https:\/\/hurni-gruppe.ch\/wp-content\/uploads\/2023\/10\/ThomasHurni_2023.jpg\" alt=\"\" class=\"wp-image-2687\" style=\"width:200px;height:300px\"\/><\/figure>\n\n\n\n<h3 class=\"wp-block-heading\">Thomas Hurni<\/h3>\n\n\n\n<p>Pr\u00e9sident<\/p>\n\n\n\n<p><a href=\"tel:+41323970045\">032&nbsp;397&nbsp;00&nbsp;45<\/a><br><a href=\"mailto:t.hurni@hurniag.ch\">t.hurni@hurniag.ch<\/a><\/p>\n<\/div>\n\n\n\n<div class=\"wp-block-column is-layout-flow wp-block-column-is-layout-flow\" style=\"flex-basis:250px\">\n<figure class=\"wp-block-image size-full\"><img loading=\"lazy\" decoding=\"async\" width=\"200\" height=\"300\" src=\"https:\/\/hurni-gruppe.ch\/wp-content\/uploads\/2023\/10\/FritzHurni_2023.jpg\" alt=\"\" class=\"wp-image-2679\"\/><\/figure>\n\n\n\n<h3 class=\"wp-block-heading\">Fritz R. Hurni<\/h3>\n\n\n\n<p>D\u00e9l\u00e9gu\u00e9<\/p>\n\n\n\n<p><a href=\"tel:+41323970044\">032&nbsp;397&nbsp;00&nbsp;44<\/a><br><a href=\"mailto:f.hurni@hurniag.ch\">f.hurni@hurniag.ch<\/a><\/p>\n<\/div>\n\n\n\n<div class=\"wp-block-column is-layout-flow wp-block-column-is-layout-flow\" style=\"flex-basis:250px\">\n<figure class=\"wp-block-image size-full\"><img loading=\"lazy\" decoding=\"async\" width=\"200\" height=\"300\" src=\"https:\/\/hurni-gruppe.ch\/wp-content\/uploads\/2023\/10\/HPNydegger_2023.jpg\" alt=\"\" class=\"wp-image-2683\"\/><\/figure>\n\n\n\n<h3 class=\"wp-block-heading\">Hans-Peter Nydegger<\/h3>\n\n\n\n<p>Secr\u00e9taire<\/p>\n\n\n\n<p><a href=\"tel:+41323970030\">032&nbsp;397&nbsp;00&nbsp;30<\/a><br><a href=\"mailto:admin@hurniag.ch\">admin@hurniag.ch<\/a><\/p>\n<\/div>\n<\/div>\n<\/div><\/div>\n<\/div><\/div>\n\n\n\n<div class=\"wp-block-group alignfull has-gray-light-background-color has-background\"><div class=\"wp-block-group__inner-container is-layout-flow wp-block-group-is-layout-flow\">\n<div id=\"Membres-de-la-direction\" class=\"wp-block-group\"><div class=\"wp-block-group__inner-container is-layout-flow wp-block-group-is-layout-flow\">\n<h2 class=\"wp-block-heading\">Membres de la direction<\/h2>\n\n\n\n<div class=\"wp-block-columns alignwide is-layout-flex wp-container-core-columns-is-layout-9d6595d7 wp-block-columns-is-layout-flex\">\n<div class=\"wp-block-column is-layout-flow wp-block-column-is-layout-flow\" style=\"flex-basis:250px\">\n<figure class=\"wp-block-image size-full\"><img loading=\"lazy\" decoding=\"async\" width=\"200\" height=\"300\" src=\"https:\/\/hurni-gruppe.ch\/wp-content\/uploads\/2023\/10\/FritzHurni_2023.jpg\" alt=\"\" class=\"wp-image-2679\"\/><\/figure>\n\n\n\n<h3 class=\"wp-block-heading\">Fritz R. Hurni<\/h3>\n\n\n\n<p>Directeur \/<br>Responsable<br>Services centraux<\/p>\n\n\n\n<p><a href=\"tel:+41323970045\">032&nbsp;397&nbsp;00&nbsp;44<\/a><br><a href=\"mailto:f.hurni@hurniag.ch\">f.hurni@hurniag.ch<\/a><\/p>\n<\/div>\n\n\n\n<div class=\"wp-block-column is-layout-flow wp-block-column-is-layout-flow\" style=\"flex-basis:250px\">\n<figure class=\"wp-block-image size-full\"><img loading=\"lazy\" decoding=\"async\" width=\"200\" height=\"300\" src=\"\/wp-content\/uploads\/2021\/11\/ShabanajGazmend-1.jpg\" alt=\"\" class=\"wp-image-206\" style=\"object-fit:cover\"\/><\/figure>\n\n\n\n<h3 class=\"wp-block-heading\">Gazmend Shabanaj<\/h3>\n\n\n\n<p>Responsable<br>Mat\u00e9riaux de construction<\/p>\n\n\n\n<p><a href=\"tel:+41323291344\">032&nbsp;329&nbsp;13&nbsp;44<\/a><br><a href=\"mailto:g.shabanaj@hurniag.ch\">g.shabanaj@hurniag.ch<\/a><\/p>\n<\/div>\n\n\n\n<div class=\"wp-block-column is-layout-flow wp-block-column-is-layout-flow\" style=\"flex-basis:250px\">\n<figure class=\"wp-block-image size-full\"><img loading=\"lazy\" decoding=\"async\" width=\"200\" height=\"300\" src=\"\/wp-content\/uploads\/2021\/12\/BenningerMartin.jpg\" alt=\"\" class=\"wp-image-543\"\/><\/figure>\n\n\n\n<h3 class=\"wp-block-heading\">Martin Benninger<\/h3>\n\n\n\n<p>Responsable<br>Vente et Qualit\u00e9<\/p>\n\n\n\n<p><a href=\"tel:+41323970036\">032&nbsp;397&nbsp;00&nbsp;36<\/a><br><a href=\"mailto:m.benninger@hurniag.ch\">m.benninger@hurniag.ch<\/a><\/p>\n<\/div>\n<\/div>\n\n\n\n<div class=\"wp-block-columns alignwide is-layout-flex wp-container-core-columns-is-layout-9d6595d7 wp-block-columns-is-layout-flex\">\n<div class=\"wp-block-column is-layout-flow wp-block-column-is-layout-flow\" style=\"flex-basis:250px\">\n<figure class=\"wp-block-image size-full\"><img loading=\"lazy\" decoding=\"async\" width=\"200\" height=\"300\" src=\"https:\/\/hurni-gruppe.ch\/wp-content\/uploads\/2026\/03\/ReneFrey.jpg\" alt=\"\" class=\"wp-image-4763\"\/><\/figure>\n\n\n\n<h3 class=\"wp-block-heading\">Ren\u00e9 Frey<\/h3>\n\n\n\n<p>Responsable Logistique<\/p>\n\n\n\n<p><a href=\"tel:+41323291338\">032 397 00 34<\/a><br><a href=\"mailto:hp.kocher@funicarmulden.ch\"><a href=\"mailto:r.frey@hurniag.ch\">r.frey@hurniag.ch<\/a><\/a><\/p>\n<\/div>\n\n\n\n<div class=\"wp-block-column is-layout-flow wp-block-column-is-layout-flow\" style=\"flex-basis:250px\">\n<figure class=\"wp-block-image size-full\"><img loading=\"lazy\" decoding=\"async\" width=\"200\" height=\"300\" src=\"https:\/\/hurni-gruppe.ch\/wp-content\/uploads\/2023\/10\/HPNydegger_2023.jpg\" alt=\"\" class=\"wp-image-2683\"\/><\/figure>\n\n\n\n<h3 class=\"wp-block-heading\">Hans-Peter Nydegger<\/h3>\n\n\n\n<p>Responsable Finances<\/p>\n\n\n\n<p><a href=\"tel:+41323970030\">032&nbsp;397&nbsp;00&nbsp;30<\/a><br><a href=\"mailto:admin@hurniag.ch\">admin@hurniag.ch<\/a><\/p>\n<\/div>\n<\/div>\n<\/div><\/div>\n<\/div><\/div>\n\n\n\n<div class=\"wp-block-group alignfull has-white-background-color has-background\"><div class=\"wp-block-group__inner-container is-layout-flow wp-block-group-is-layout-flow\">\n<div id=\"Services-centraux\" class=\"wp-block-group\"><div class=\"wp-block-group__inner-container is-layout-flow wp-block-group-is-layout-flow\">\n<h2 class=\"wp-block-heading\">Services centraux<\/h2>\n\n\n\n<div class=\"wp-block-columns alignwide is-layout-flex wp-container-core-columns-is-layout-9d6595d7 wp-block-columns-is-layout-flex\">\n<div class=\"wp-block-column is-layout-flow wp-block-column-is-layout-flow\" style=\"flex-basis:250px\">\n<figure class=\"wp-block-image size-full\"><img loading=\"lazy\" decoding=\"async\" width=\"200\" height=\"300\" src=\"https:\/\/hurni-gruppe.ch\/wp-content\/uploads\/2023\/10\/FritzHurni_2023.jpg\" alt=\"\" class=\"wp-image-2679\"\/><\/figure>\n\n\n\n<h3 class=\"wp-block-heading\">Fritz R. Hurni<\/h3>\n\n\n\n<p>Directeur \/<br>Responsable<br>Services centraux<\/p>\n\n\n\n<p><a href=\"tel:+41323970045\">032&nbsp;397&nbsp;00&nbsp;44<\/a><br><a href=\"mailto:f.hurni@hurniag.ch\">f.hurni@hurniag.ch<\/a><\/p>\n<\/div>\n\n\n\n<div class=\"wp-block-column is-layout-flow wp-block-column-is-layout-flow\" style=\"flex-basis:250px\">\n<figure class=\"wp-block-image size-full\"><img loading=\"lazy\" decoding=\"async\" width=\"200\" height=\"300\" src=\"https:\/\/hurni-gruppe.ch\/wp-content\/uploads\/2023\/10\/HPNydegger_2023.jpg\" alt=\"\" class=\"wp-image-2683\"\/><\/figure>\n\n\n\n<h3 class=\"wp-block-heading\">Hans-Peter Nydegger<\/h3>\n\n\n\n<p>Responsable Finances<\/p>\n\n\n\n<p><a href=\"tel:+41323970030\">032&nbsp;397&nbsp;00&nbsp;30<\/a><br><a href=\"mailto:admin@hurniag.ch\">admin@hurniag.ch<\/a><\/p>\n<\/div>\n\n\n\n<div class=\"wp-block-column is-layout-flow wp-block-column-is-layout-flow\" style=\"flex-basis:250px\">\n<figure class=\"wp-block-image size-full\"><img loading=\"lazy\" decoding=\"async\" width=\"200\" height=\"300\" src=\"https:\/\/hurni-gruppe.ch\/wp-content\/uploads\/2023\/10\/FelixNeff_web-3.jpg\" alt=\"\" class=\"wp-image-2668\"\/><\/figure>\n\n\n\n<h3 class=\"wp-block-heading\">Felix Neff<\/h3>\n\n\n\n<p>Responsable Comptabilit\u00e9<\/p>\n\n\n\n<p><a href=\"tel:+41323970030\">032&nbsp;397&nbsp;00 42<\/a><br><a href=\"mailto:f.neff@hurniag.ch\">f.neff@hurniag.ch<\/a><\/p>\n<\/div>\n\n\n\n<div class=\"wp-block-column is-layout-flow wp-block-column-is-layout-flow\" style=\"flex-basis:250px\">\n<figure class=\"wp-block-image size-full\"><img loading=\"lazy\" decoding=\"async\" width=\"200\" height=\"300\" src=\"https:\/\/hurni-gruppe.ch\/wp-content\/uploads\/2023\/10\/LiaDiLorenzo_2023.jpg\" alt=\"\" class=\"wp-image-2685\"\/><\/figure>\n\n\n\n<h3 class=\"wp-block-heading\">Lia Di Lorenzo<\/h3>\n\n\n\n<p>Salaires<\/p>\n\n\n\n<p><a href=\"tel:+41323970030\">032&nbsp;328 20 24<\/a><br><a href=\"mailto:l.dilorenzo@hurniag.ch\">l.dilorenzo@hurniag.ch<\/a><\/p>\n<\/div>\n<\/div>\n\n\n\n<div class=\"wp-block-columns alignwide is-layout-flex wp-container-core-columns-is-layout-9d6595d7 wp-block-columns-is-layout-flex\">\n<div class=\"wp-block-column is-layout-flow wp-block-column-is-layout-flow\" style=\"flex-basis:250px\">\n<figure class=\"wp-block-image size-full\"><img loading=\"lazy\" decoding=\"async\" width=\"200\" height=\"300\" src=\"https:\/\/hurni-gruppe.ch\/wp-content\/uploads\/2023\/10\/Marti-Florence_MOS7257_web-1.jpg\" alt=\"\" class=\"wp-image-2665\"\/><\/figure>\n\n\n\n<h3 class=\"wp-block-heading\">Florence Marti<\/h3>\n\n\n\n<p>Comptabilit\u00e9 \/ Facturation \/ Dispo<\/p>\n\n\n\n<p><a href=\"tel:+41323970045\"><\/a>032 329 13 39<br><a href=\"mailto:f.marti@hurniag.ch\">f.marti@hurniag.ch<\/a><\/p>\n<\/div>\n\n\n\n<div class=\"wp-block-column is-layout-flow wp-block-column-is-layout-flow\" style=\"flex-basis:250px\">\n<figure class=\"wp-block-image size-full\"><img loading=\"lazy\" decoding=\"async\" width=\"200\" height=\"300\" src=\"https:\/\/hurni-gruppe.ch\/wp-content\/uploads\/2023\/01\/MathiasKuratli.jpg\" alt=\"\" class=\"wp-image-4325\"\/><\/figure>\n\n\n\n<h3 class=\"wp-block-heading\">Mathias Kuratli<\/h3>\n\n\n\n<p>Comptabilit\u00e9 \/ Facturation <\/p>\n\n\n\n<p><a href=\"tel:+41323970045\"><\/a>032 397 00 43<br><a href=\"mailto:m.kuratli@hurniag.ch\" title=\"\">m.kuratli@hurniag.ch<\/a><\/p>\n<\/div>\n\n\n\n<div class=\"wp-block-column is-layout-flow wp-block-column-is-layout-flow\" style=\"flex-basis:250px\">\n<figure class=\"wp-block-image size-full\"><img loading=\"lazy\" decoding=\"async\" width=\"200\" height=\"300\" src=\"https:\/\/hurni-gruppe.ch\/wp-content\/uploads\/2023\/01\/ConiScheurer.jpg\" alt=\"\" class=\"wp-image-4169\"\/><\/figure>\n\n\n\n<h3 class=\"wp-block-heading\">Coni Scheurer<\/h3>\n\n\n\n<p>Vente \/ Facturation<\/p>\n\n\n\n<p>032 397 00 48<br><a href=\"mailto:t.riem@hurniag.ch\">c.scheurer@hurniag.ch<\/a><\/p>\n<\/div>\n\n\n\n<div class=\"wp-block-column is-layout-flow wp-block-column-is-layout-flow\" style=\"flex-basis:250px\">\n<figure class=\"wp-block-image size-full\"><img loading=\"lazy\" decoding=\"async\" width=\"200\" height=\"300\" src=\"https:\/\/hurni-gruppe.ch\/wp-content\/uploads\/2023\/01\/TanjaRiem_2025.jpg\" alt=\"\" class=\"wp-image-3950\"\/><\/figure>\n\n\n\n<h3 class=\"wp-block-heading\">Tanja Riem<\/h3>\n\n\n\n<p>Personnel<br>(joignable le matin)<\/p>\n\n\n\n<p>032 397 00 35<br><a href=\"mailto:t.riem@hurniag.ch\">t.riem@hurniag.ch<\/a><\/p>\n<\/div>\n<\/div>\n<\/div><\/div>\n<\/div><\/div>\n\n\n\n\n\n<div class=\"wp-block-group alignfull has-gray-light-background-color has-background\"><div class=\"wp-block-group__inner-container is-layout-flow wp-block-group-is-layout-flow\">\n<div class=\"wp-block-group\"><div class=\"wp-block-group__inner-container is-layout-flow wp-block-group-is-layout-flow\">\n<h2 class=\"wp-block-heading\">Groupe Hurni<\/h2>\n\n\n\n<div class=\"wp-block-columns is-layout-flex wp-container-core-columns-is-layout-9d6595d7 wp-block-columns-is-layout-flex\">\n<div class=\"wp-block-column is-layout-flow wp-block-column-is-layout-flow\" style=\"flex-basis:10%\">\n<figure class=\"wp-block-image size-large\"><img loading=\"lazy\" decoding=\"async\" width=\"141\" height=\"63\" src=\"\/wp-content\/uploads\/2021\/12\/logo_hurni_gruppe.svg\" alt=\"\" class=\"wp-image-505\" \/><\/figure>\n<\/div>\n\n\n\n<div class=\"wp-block-column is-layout-flow wp-block-column-is-layout-flow\" style=\"flex-basis:30%\">\n<h3 class=\"wp-block-heading\">Emplacement<\/h3>\n\n\n\n<p><strong>Hurni Holding AG<\/strong><br>Grubenweg 9<br>2572 Sutz<\/p>\n\n\n\n<p><a href=\"https:\/\/www.google.com\/maps?ll=47.104134,7.220562&amp;z=12&amp;t=m&amp;hl=de&amp;gl=US&amp;mapclient=embed&amp;q=Grubenweg+9+2572+Sutz-Lattrigen\" target=\"_blank\" rel=\"noopener\" title=\"\">Voir la carte<\/a><\/p>\n<\/div>\n\n\n\n<div class=\"wp-block-column is-layout-flow wp-block-column-is-layout-flow\" style=\"flex-basis:30%\">\n<h3 class=\"wp-block-heading\">Contact<\/h3>\n\n\n\n<p><a href=\"tel:+41323970030\">032&nbsp;397&nbsp;00&nbsp;30<\/a><br><a href=\"mailto:admin@hurniag.ch\">admin@hurniag.ch<\/a><br><a href=\"http:\/\/www.hurni-gruppe.ch\">www.hurni-gruppe.ch<\/a><\/p>\n<\/div>\n\n\n\n<div class=\"wp-block-column is-layout-flow wp-block-column-is-layout-flow\" style=\"flex-basis:30%\">\n<h3 class=\"wp-block-heading\">Heures d&rsquo;ouverture<\/h3>\n\n\n\n<p>7:00\u201311:45 \/ 13:00\u201317:00<\/p>\n<\/div>\n<\/div>\n<\/div><\/div>\n<\/div><\/div>\n\n\n\n<div class=\"wp-block-group alignfull has-white-background-color has-background\"><div class=\"wp-block-group__inner-container is-layout-flow wp-block-group-is-layout-flow\">\n<div class=\"wp-block-group\"><div class=\"wp-block-group__inner-container is-layout-flow wp-block-group-is-layout-flow\">\n<h2 class=\"wp-block-heading\">Mat\u00e9riaux de construction<\/h2>\n\n\n\n<div class=\"wp-block-columns is-layout-flex wp-container-core-columns-is-layout-9d6595d7 wp-block-columns-is-layout-flex\">\n<div class=\"wp-block-column is-layout-flow wp-block-column-is-layout-flow\" style=\"flex-basis:10%\">\n<figure class=\"wp-block-image size-large\"><img loading=\"lazy\" decoding=\"async\" width=\"141\" height=\"63\" src=\"\/wp-content\/uploads\/2021\/12\/logo_hurni_kies_beton.svg\" alt=\"\" class=\"wp-image-506\" \/><\/figure>\n<\/div>\n\n\n\n<div class=\"wp-block-column is-layout-flow wp-block-column-is-layout-flow\" style=\"flex-basis:30%\">\n<h3 class=\"wp-block-heading\">Emplacement<\/h3>\n\n\n\n<p><strong>Hurni Kies- und Betonwerk AG<\/strong> <br>Grubenweg 9<br>2572 Sutz<\/p>\n\n\n\n<p><a href=\"https:\/\/www.google.com\/maps?ll=47.104134,7.220562&amp;z=12&amp;t=m&amp;hl=de&amp;gl=US&amp;mapclient=embed&amp;q=Grubenweg+9+2572+Sutz-Lattrigen\" target=\"_blank\" rel=\"noopener\" title=\"\">Voir la carte<\/a><\/p>\n<\/div>\n\n\n\n<div class=\"wp-block-column is-layout-flow wp-block-column-is-layout-flow\" style=\"flex-basis:30%\">\n<h3 class=\"wp-block-heading\">Contact<\/h3>\n\n\n\n<p><a href=\"tel:+41323970030\">032&nbsp;397&nbsp;00&nbsp;30<\/a><br><a href=\"mailto:admin@hurniag.ch\">admin@hurniag.ch<\/a><br><a href=\"http:\/\/www.hurniag.ch\">w<\/a><a href=\"http:\/\/www.hurniag.ch\" target=\"_blank\" rel=\"noreferrer noopener\">ww.hurniag.ch<\/a><\/p>\n<\/div>\n\n\n\n<div class=\"wp-block-column is-layout-flow wp-block-column-is-layout-flow\" style=\"flex-basis:30%\">\n<h3 class=\"wp-block-heading\">Heures d&rsquo;ouverture<\/h3>\n\n\n\n<p><strong>Janvier\u2013mars<\/strong><br>7:30\u201311:30 \/ 13:00\u201316:00<\/p>\n\n\n\n<p><strong>Avril<strong>\u2013<\/strong>septembre<\/strong><br>6:45\u201311:30 \/ 13:00\u201316:30<\/p>\n\n\n\n<p><strong>Octobre<strong>\u2013<\/strong>d\u00e9cembre<\/strong><br>7:30\u201311:30 \/ 13:00\u201316:30 <\/p>\n<\/div>\n<\/div>\n\n\n\n<div class=\"wp-block-columns is-layout-flex wp-container-core-columns-is-layout-9d6595d7 wp-block-columns-is-layout-flex\">\n<div class=\"wp-block-column is-layout-flow wp-block-column-is-layout-flow\" style=\"flex-basis:10%\">\n<figure class=\"wp-block-image size-large\"><img loading=\"lazy\" decoding=\"async\" width=\"141\" height=\"63\" src=\"\/wp-content\/uploads\/2022\/03\/logo_steinbruch_vorberg.svg\" alt=\"\" class=\"wp-image-1116\" \/><\/figure>\n<\/div>\n\n\n\n<div class=\"wp-block-column is-layout-flow wp-block-column-is-layout-flow\" style=\"flex-basis:30%\">\n<h3 class=\"wp-block-heading\">Exploitation<\/h3>\n\n\n\n<p><strong>Steinbruch AG Vorberg<\/strong><br>R\u00f6merstrasse<br>2502 Biel-B\u00f6zingen<\/p>\n\n\n\n<p><a href=\"https:\/\/www.google.com\/maps?ll=47.161881,7.263003&amp;z=12&amp;t=m&amp;hl=en&amp;gl=US&amp;mapclient=embed&amp;q=R%C3%B6merstrasse+2502+Biel\" target=\"_blank\" rel=\"noopener\" title=\"\">Voir la carte<\/a><\/p>\n\n\n\n<h3 class=\"wp-block-heading\">Administration<\/h3>\n\n\n\n<p><strong>Steinbruch AG Vorberg<\/strong><br>Grubenweg 9<br>2572 Sutz<\/p>\n<\/div>\n\n\n\n<div class=\"wp-block-column is-layout-flow wp-block-column-is-layout-flow\" style=\"flex-basis:30%\">\n<h3 class=\"wp-block-heading\">Contact<\/h3>\n\n\n\n<p><a href=\"tel:+41323560016\">032&nbsp;356&nbsp;00&nbsp;16<\/a><br><a href=\"mailto:info@steinbruchag.ch\">info@steinbruchag.ch<\/a><br><a data-type=\"URL\" data-id=\"www.steinbruchag.ch\" href=\"http:\/\/www.steinbruchag.ch\" target=\"_blank\" rel=\"noreferrer noopener\">www.steinbruchag.ch<\/a><\/p>\n<\/div>\n\n\n\n<div class=\"wp-block-column is-layout-flow wp-block-column-is-layout-flow\" style=\"flex-basis:30%\">\n<h3 class=\"wp-block-heading\">Heures d&rsquo;ouverture<\/h3>\n\n\n\n<p><strong><strong>Janvier<strong>\u2013<\/strong>mars<\/strong><\/strong><br>7:30\u201311:45 \/ 13:00\u201316:45<\/p>\n\n\n\n<p><strong><strong>Avril<strong>\u2013<\/strong>septembre<\/strong><\/strong><br>7:00\u201311:45 \/ 13:00 \u201317:00<\/p>\n\n\n\n<p><strong><strong>Octobre<strong>\u2013<\/strong>d\u00e9cembre<\/strong><\/strong><br>7:30\u201311:45 \/ 13:00 \u201316:45<\/p>\n<\/div>\n<\/div>\n<\/div><\/div>\n<\/div><\/div>\n\n\n\n<div class=\"wp-block-group alignfull has-gray-light-background-color has-background\"><div class=\"wp-block-group__inner-container is-layout-flow wp-block-group-is-layout-flow\">\n<div class=\"wp-block-group\"><div class=\"wp-block-group__inner-container is-layout-flow wp-block-group-is-layout-flow\">\n<h2 class=\"wp-block-heading\">\u00c9limination et recyclage<\/h2>\n\n\n\n<div class=\"wp-block-columns is-layout-flex wp-container-core-columns-is-layout-9d6595d7 wp-block-columns-is-layout-flex\">\n<div class=\"wp-block-column is-layout-flow wp-block-column-is-layout-flow\" style=\"flex-basis:10%\">\n<figure class=\"wp-block-image size-large\"><img loading=\"lazy\" decoding=\"async\" width=\"141\" height=\"63\" src=\"\/wp-content\/uploads\/2021\/12\/logo_funicar.svg\" alt=\"\" class=\"wp-image-503\" \/><\/figure>\n<\/div>\n\n\n\n<div class=\"wp-block-column is-layout-flow wp-block-column-is-layout-flow\" style=\"flex-basis:30%\">\n<h3 class=\"wp-block-heading\">Emplacement<\/h3>\n\n\n\n<p><strong><strong>Funicar Muldenzentrale AG<\/strong><br><\/strong>Grubenweg 9<br>2572 Sutz<\/p>\n\n\n\n<p><a href=\"https:\/\/www.google.com\/maps?ll=47.104134,7.220562&amp;z=12&amp;t=m&amp;hl=de&amp;gl=US&amp;mapclient=embed&amp;q=Grubenweg+9+2572+Sutz-Lattrigen\" target=\"_blank\" rel=\"noopener\" title=\"\">Voir la carte<\/a><\/p>\n<\/div>\n\n\n\n<div class=\"wp-block-column is-layout-flow wp-block-column-is-layout-flow\" style=\"flex-basis:30%\">\n<h3 class=\"wp-block-heading\">Contact<\/h3>\n\n\n\n<p><a href=\"tel:+41323291333\">032&nbsp;329&nbsp;13&nbsp;33<\/a><br><a href=\"mailto:admin@funicarmulden.ch\">admin@funicarmulden.ch<\/a><br><a href=\"http:\/\/www.funicarmulden.ch\" target=\"_blank\" rel=\"noreferrer noopener\">www.funicarmulden.ch<\/a><\/p>\n<\/div>\n\n\n\n<div class=\"wp-block-column is-layout-flow wp-block-column-is-layout-flow\" style=\"flex-basis:30%\">\n<h3 class=\"wp-block-heading\">Heures d&rsquo;ouverture<\/h3>\n\n\n\n<p>7:30\u201311:45 \/ 13:00\u201317:00<\/p>\n<\/div>\n<\/div>\n\n\n\n<div class=\"wp-block-columns is-layout-flex wp-container-core-columns-is-layout-9d6595d7 wp-block-columns-is-layout-flex\">\n<div class=\"wp-block-column is-layout-flow wp-block-column-is-layout-flow\" style=\"flex-basis:10%\">\n<figure class=\"wp-block-image size-large\"><img loading=\"lazy\" decoding=\"async\" width=\"141\" height=\"63\" src=\"\/wp-content\/uploads\/2021\/12\/logo_remo-recycling.svg\" alt=\"\" class=\"wp-image-507\" \/><\/figure>\n<\/div>\n\n\n\n<div class=\"wp-block-column is-layout-flow wp-block-column-is-layout-flow\" style=\"flex-basis:30%\">\n<h3 class=\"wp-block-heading\">Exploitation<\/h3>\n\n\n\n<p><strong><strong><strong>Remo Recycling AG<\/strong><\/strong><\/strong><br>Portstrasse 40<br>2503 Biel\/Bienne<\/p>\n\n\n\n<p><a href=\"https:\/\/www.google.com\/maps\/place\/Portstrasse+40,+2503+Biel,+Schweiz\/@47.120687,7.257557,12z\/data=!4m5!3m4!1s0x478e1916086af841:0x58a11c9719fba913!8m2!3d47.120687!4d7.2575575?hl=de\" target=\"_blank\" rel=\"noopener\" title=\"\">Voir la carte<\/a><\/p>\n\n\n\n<h3 class=\"wp-block-heading\">Administration<\/h3>\n\n\n\n<p><strong><strong><strong>Remo Recycling AG<\/strong><\/strong><\/strong><br>Grubenweg 9<br>2572 Sutz<\/p>\n<\/div>\n\n\n\n<div class=\"wp-block-column is-layout-flow wp-block-column-is-layout-flow\" style=\"flex-basis:30%\">\n<h3 class=\"wp-block-heading\">Contact<\/h3>\n\n\n\n<p><a href=\"tel:+41323291355\">032 365 27 87<\/a><br><a data-type=\"URL\" data-id=\"info@remo-recycling.ch\" href=\"info@remo-recycling.ch\">info@remo-recycling.ch&nbsp;<\/a><br><a data-type=\"URL\" data-id=\"www.remo-recycling.ch\" href=\"http:\/\/www.remo-recycling.ch\" target=\"_blank\" rel=\"noreferrer noopener\">www.remo-recycling.ch<\/a><\/p>\n<\/div>\n\n\n\n<div class=\"wp-block-column is-layout-flow wp-block-column-is-layout-flow\" style=\"flex-basis:30%\">\n<h3 class=\"wp-block-heading\">Heures d&rsquo;ouverture<\/h3>\n\n\n\n<p>7:30\u201311:45 \/ 13:00\u201317:00<\/p>\n<\/div>\n<\/div>\n<\/div><\/div>\n<\/div><\/div>\n\n\n\n<div class=\"wp-block-group alignfull has-white-background-color has-background\"><div class=\"wp-block-group__inner-container is-layout-flow wp-block-group-is-layout-flow\">\n<div class=\"wp-block-group\"><div class=\"wp-block-group__inner-container is-layout-flow wp-block-group-is-layout-flow\">\n<h2 class=\"wp-block-heading\">Excavation &amp; d\u00e9construction<\/h2>\n\n\n\n<div class=\"wp-block-columns is-layout-flex wp-container-core-columns-is-layout-9d6595d7 wp-block-columns-is-layout-flex\">\n<div class=\"wp-block-column is-vertically-aligned-top is-layout-flow wp-block-column-is-layout-flow\" style=\"flex-basis:10%\">\n<figure class=\"wp-block-image size-large\"><img loading=\"lazy\" decoding=\"async\" width=\"141\" height=\"63\" src=\"\/wp-content\/uploads\/2021\/12\/logo_hurni_aushub_rueckbau.svg\" alt=\"\" class=\"wp-image-504\" \/><\/figure>\n<\/div>\n\n\n\n<div class=\"wp-block-column is-layout-flow wp-block-column-is-layout-flow\" style=\"flex-basis:30%\">\n<h3 class=\"wp-block-heading\">Emplacement<\/h3>\n\n\n\n<p><strong><strong><strong>Hurni Aushub und<\/strong><br><strong>R\u00fcckbau AG<\/strong><br><\/strong><\/strong>Grubenweg 9<br>2572 Sutz<\/p>\n\n\n\n<p><a href=\"https:\/\/www.google.com\/maps?ll=47.104134,7.220562&amp;z=12&amp;t=m&amp;hl=en&amp;gl=US&amp;mapclient=embed&amp;q=Grubenweg+9+2572+Sutz-Lattrigen\" target=\"_blank\" rel=\"noopener\" title=\"\">Voir la carte<\/a><\/p>\n<\/div>\n\n\n\n<div class=\"wp-block-column is-layout-flow wp-block-column-is-layout-flow\" style=\"flex-basis:30%\">\n<h3 class=\"wp-block-heading\">Contact<\/h3>\n\n\n\n<p><a href=\"tel:+41323291345\" title=\"\">032&nbsp;329 13 45<\/a><br><a href=\"mailto:admin@hurniag.ch\">admin@hurniag.ch<\/a><br><a href=\"http:\/\/www.hurni-aushub-rueckbau.ch\" target=\"_blank\" rel=\"noreferrer noopener\">www.hurni-aushub-rueckbau.ch<\/a><\/p>\n<\/div>\n\n\n\n<div class=\"wp-block-column is-layout-flow wp-block-column-is-layout-flow\" style=\"flex-basis:30%\">\n<h3 class=\"wp-block-heading\">Heures d&rsquo;ouverture<\/h3>\n\n\n\n<p>7:30\u201311:45 \/ 13:00\u201317:00<\/p>\n<\/div>\n<\/div>\n<\/div><\/div>\n<\/div><\/div>\n","protected":false},"excerpt":{"rendered":"<p>Groupe Hurni Emplacement Hurni Holding AGGrubenweg 92572 Sutz Voir la carte Contact 032&nbsp;397&nbsp;00&nbsp;30admin@hurniag.chwww.hurni-gruppe.ch Heures d&rsquo;ouverture 7:00\u201311:45 \/ 13:00\u201317:00 Mat\u00e9riaux de construction Emplacement Hurni Kies- und&hellip;<\/p>\n","protected":false},"author":3,"featured_media":1194,"parent":0,"menu_order":500,"comment_status":"closed","ping_status":"closed","template":"","meta":{"inline_featured_image":false,"_uag_custom_page_level_css":"","pgc_sgb_lightbox_settings":"","footnotes":""},"class_list":["post-1568","page","type-page","status-publish","has-post-thumbnail","hentry"],"aioseo_notices":[],"uagb_featured_image_src":{"full":["https:\/\/hurni-gruppe.ch\/wp-content\/uploads\/2021\/12\/hader_kontakt-scaled.jpg",2560,853,false],"thumbnail":["https:\/\/hurni-gruppe.ch\/wp-content\/uploads\/2021\/12\/hader_kontakt-150x150.jpg",150,150,true],"medium":["https:\/\/hurni-gruppe.ch\/wp-content\/uploads\/2021\/12\/hader_kontakt-300x100.jpg",300,100,true],"medium_large":["https:\/\/hurni-gruppe.ch\/wp-content\/uploads\/2021\/12\/hader_kontakt-768x256.jpg",768,256,true],"large":["https:\/\/hurni-gruppe.ch\/wp-content\/uploads\/2021\/12\/hader_kontakt-1024x341.jpg",843,281,true],"1536x1536":["https:\/\/hurni-gruppe.ch\/wp-content\/uploads\/2021\/12\/hader_kontakt-1536x512.jpg",1536,512,true],"2048x2048":["https:\/\/hurni-gruppe.ch\/wp-content\/uploads\/2021\/12\/hader_kontakt-2048x683.jpg",2048,683,true]},"uagb_author_info":{"display_name":"gebel","author_link":"https:\/\/hurni-gruppe.ch\/fr\/author\/gebel\/"},"uagb_comment_info":0,"uagb_excerpt":"Groupe Hurni Emplacement Hurni Holding AGGrubenweg 92572 Sutz Voir la carte Contact 032&nbsp;397&nbsp;00&nbsp;30admin@hurniag.chwww.hurni-gruppe.ch Heures d&rsquo;ouverture 7:00\u201311:45 \/ 13:00\u201317:00 Mat\u00e9riaux de construction Emplacement Hurni Kies- und&hellip;","_links":{"self":[{"href":"https:\/\/hurni-gruppe.ch\/fr\/wp-json\/wp\/v2\/pages\/1568","targetHints":{"allow":["GET"]}}],"collection":[{"href":"https:\/\/hurni-gruppe.ch\/fr\/wp-json\/wp\/v2\/pages"}],"about":[{"href":"https:\/\/hurni-gruppe.ch\/fr\/wp-json\/wp\/v2\/types\/page"}],"author":[{"embeddable":true,"href":"https:\/\/hurni-gruppe.ch\/fr\/wp-json\/wp\/v2\/users\/3"}],"replies":[{"embeddable":true,"href":"https:\/\/hurni-gruppe.ch\/fr\/wp-json\/wp\/v2\/comments?post=1568"}],"version-history":[{"count":27,"href":"https:\/\/hurni-gruppe.ch\/fr\/wp-json\/wp\/v2\/pages\/1568\/revisions"}],"predecessor-version":[{"id":4510,"href":"https:\/\/hurni-gruppe.ch\/fr\/wp-json\/wp\/v2\/pages\/1568\/revisions\/4510"}],"wp:featuredmedia":[{"embeddable":true,"href":"https:\/\/hurni-gruppe.ch\/fr\/wp-json\/wp\/v2\/media\/1194"}],"wp:attachment":[{"href":"https:\/\/hurni-gruppe.ch\/fr\/wp-json\/wp\/v2\/media?parent=1568"}],"curies":[{"name":"wp","href":"https:\/\/api.w.org\/{rel}","templated":true}]}}