{"id":1600,"date":"2021-12-04T15:35:48","date_gmt":"2021-12-04T14:35:48","guid":{"rendered":"https:\/\/hurni-gruppe.ch\/?page_id=1600"},"modified":"2025-12-04T14:22:39","modified_gmt":"2025-12-04T13:22:39","slug":"medias","status":"publish","type":"page","link":"https:\/\/hurni-gruppe.ch\/fr\/medias\/","title":{"rendered":"M\u00e9dias"},"content":{"rendered":"\n<div class=\"wp-block-group alignfull\"><div class=\"wp-block-group__inner-container is-layout-flow wp-block-group-is-layout-flow\">\n<div class=\"wp-block-group\"><div class=\"wp-block-group__inner-container is-layout-flow wp-block-group-is-layout-flow\">\n<h2 class=\"wp-block-heading\">Informations<\/h2>\n\n\n\n<div class=\"wp-block-columns is-layout-flex wp-container-core-columns-is-layout-9d6595d7 wp-block-columns-is-layout-flex\">\n<div class=\"wp-block-column is-layout-flow wp-block-column-is-layout-flow\" style=\"flex-basis:50%\">\n<h3 class=\"wp-block-heading\">Construire signifie communiquer<\/h3>\n\n\n\n<p>L\u2019\u00e9poque est r\u00e9volue depuis longtemps o\u00f9 les projets d\u2019extraction et de construction n\u2019\u00e9taient mis en \u00e9vidence que lorsque les pelleteuses faisaient leur apparition. Aujourd\u2019hui, les projets sont accompagn\u00e9s de mani\u00e8re communicative et m\u00e9diatique d\u00e8s le d\u00e9but. Les objets sensibles, surtout, telles les gravi\u00e8res, n\u00e9cessitent une communication soign\u00e9e et r\u00e9fl\u00e9chie avec toutes les personnes concern\u00e9es. Les clientes et clients, ainsi que les collaboratrices et collaborateurs appr\u00e9cient aussi des informations de qualit\u00e9 et ponctuelles sur ces affaires.<\/p>\n<\/div>\n\n\n\n<div class=\"wp-block-column is-layout-flow wp-block-column-is-layout-flow\" style=\"flex-basis:50%\">\n<h3 class=\"wp-block-heading\">Hurni mise sur la transparence<\/h3>\n\n\n\n<p>Le Groupe Hurni soigne une philosophie de communication ouverte et transparente. Nous nous effor\u00e7ons de fournir aux m\u00e9dias le meilleur soutien possible pour obtenir les informations n\u00e9cessaires \u00e0 des comptes rendus corrects.<\/p>\n<\/div>\n<\/div>\n<\/div><\/div>\n<\/div><\/div>\n\n\n\n<div class=\"wp-block-group alignfull has-gray-light-background-color has-background\"><div class=\"wp-block-group__inner-container is-layout-flow wp-block-group-is-layout-flow\">\n<div class=\"wp-block-group\"><div class=\"wp-block-group__inner-container is-layout-flow wp-block-group-is-layout-flow\">\n<div class=\"wp-block-columns is-layout-flex wp-container-core-columns-is-layout-9d6595d7 wp-block-columns-is-layout-flex\">\n<div class=\"wp-block-column is-layout-flow wp-block-column-is-layout-flow\" style=\"flex-basis:50%\">\n<p><strong>Pour toutes demandes de renseignements de la part des m\u00e9dias, s\u2019adresser \u00e0:<\/strong><br>Fritz R. Hurni<br>032 397 00 30<br><a href=\"mailto:f.hurni@hurniag.ch\">f.hurni@hurniag.ch<\/a><\/p>\n<\/div>\n\n\n\n<div class=\"wp-block-column is-layout-flow wp-block-column-is-layout-flow\" style=\"flex-basis:50%\">\n<p><strong><strong>Note<\/strong><br><\/strong>Tous les documents et photos ne peuvent \u00eatre reproduits et publi\u00e9s qu\u2019avec l\u2019autorisation du Groupe Hurni et mention correcte de la source.<\/p>\n<\/div>\n<\/div>\n<\/div><\/div>\n<\/div><\/div>\n\n\n\n<div class=\"wp-block-group alignfull has-white-background-color has-background\"><div class=\"wp-block-group__inner-container is-layout-flow wp-block-group-is-layout-flow\">\n<div class=\"wp-block-group\"><div class=\"wp-block-group__inner-container is-layout-flow wp-block-group-is-layout-flow\">\n<h2 class=\"wp-block-heading\">Journal interne \u00abConstructif\u00bb<\/h2>\n\n\n\n<p class=\"lead\">Une fois par an (presque) tout sur Hurni<\/p>\n\n\n\n<div class=\"wp-block-columns is-layout-flex wp-container-core-columns-is-layout-9d6595d7 wp-block-columns-is-layout-flex\">\n<div class=\"wp-block-column is-layout-flow wp-block-column-is-layout-flow\" style=\"flex-basis:50%\">\n<p>Nous informons sur les nouvelles importantes du Groupe Hurni via notre journal interne \u00abConstructif\u00bb.<\/p>\n<\/div>\n\n\n\n<div class=\"wp-block-column is-layout-flow wp-block-column-is-layout-flow\" style=\"flex-basis:50%\">\n<ul class=\"wp-block-list\">\n<li><a href=\"https:\/\/hurni-gruppe.ch\/wp-content\/uploads\/2025\/12\/HURNI_Constructif_Einzelseiten.pdf\" target=\"_blank\" rel=\"noopener\" title=\"\">Constructif 13 \/ 2025<\/a><\/li>\n\n\n\n<li><a href=\"https:\/\/hurni-gruppe.ch\/wp-content\/uploads\/2024\/11\/HURNI_Constructif_12_low_Einzelseiten.pdf\" target=\"_blank\" rel=\"noopener\" title=\"\">Constructif 12 \/ 2024<\/a><\/li>\n\n\n\n<li><a href=\"https:\/\/hurni-gruppe.ch\/wp-content\/uploads\/2023\/11\/HURNI_Constructif_11_low.pdf\" target=\"_blank\" rel=\"noopener\" title=\"\">Constructif 11 \/ 2023<\/a><\/li>\n\n\n\n<li><a href=\"\/wp-content\/uploads\/2022\/12\/Hurni_Constructif_10_2022.pdf\" target=\"_blank\" rel=\"noopener\" title=\"\">Constructif 10 \/ 2022<\/a><\/li>\n\n\n\n<li><a href=\"\/wp-content\/uploads\/2022\/12\/Hurni_Constructif_9_2021.pdf\" target=\"_blank\" rel=\"noopener\" title=\"\">Constructif 9 \/ 2021<\/a><\/li>\n\n\n\n<li><a href=\"\/wp-content\/uploads\/2022\/12\/Hurni_Constructif_8_2020.pdf\" target=\"_blank\" rel=\"noopener\" title=\"\">Constructif 8 \/ 2020<\/a><\/li>\n\n\n\n<li><a href=\"\/wp-content\/uploads\/2022\/12\/Hurni_Constructif_7_2019-1.pdf\" target=\"_blank\" rel=\"noopener\" title=\"\">Constructif 7 \/ 2019<\/a><\/li>\n\n\n\n<li><a href=\"\/wp-content\/uploads\/2022\/12\/Hurni_Constructif_6_2018.pdf\" target=\"_blank\" rel=\"noopener\" title=\"\">Constructif 6 \/ 2018<\/a><\/li>\n\n\n\n<li><a href=\"\/wp-content\/uploads\/2022\/12\/Hurni_Constructif_5_2017.pdf\" target=\"_blank\" rel=\"noopener\" title=\"\">Constructif 5 \/ 2017<\/a><\/li>\n\n\n\n<li><a href=\"\/wp-content\/uploads\/2022\/12\/Hurni_Constructif_4_2016.pdf\" target=\"_blank\" rel=\"noopener\" title=\"\">Constructif 4 \/ 2016<\/a><\/li>\n\n\n\n<li><a href=\"\/wp-content\/uploads\/2022\/12\/Hurni_Constructif_3_2015.pdf\" target=\"_blank\" rel=\"noopener\" title=\"\">Constructif 3 \/ 2015<\/a><\/li>\n\n\n\n<li><a href=\"\/wp-content\/uploads\/2022\/12\/Hurni_Constructif_2_2014.pdf\" target=\"_blank\" rel=\"noopener\" title=\"\">Constructif 2 \/ 2014<\/a><\/li>\n\n\n\n<li><a href=\"\/wp-content\/uploads\/2022\/12\/Hurni_Constructif_1_2013.pdf\" target=\"_blank\" rel=\"noopener\" title=\"\">Constructif 1 \/ 2013<\/a><\/li>\n<\/ul>\n<\/div>\n<\/div>\n<\/div><\/div>\n<\/div><\/div>\n\n\n\n<div class=\"wp-block-group alignfull has-gray-light-background-color has-background\"><div class=\"wp-block-group__inner-container is-layout-flow wp-block-group-is-layout-flow\">\n<div class=\"wp-block-group\"><div class=\"wp-block-group__inner-container is-layout-flow wp-block-group-is-layout-flow\">\n<h2 class=\"wp-block-heading\">Communiqu\u00e9s de presse<\/h2>\n\n\n\n<ul class=\"wp-block-list\">\n<li><a href=\"\/wp-content\/uploads\/2022\/12\/Hurni_MM-Beichfeld-Infoanlass_24_04_2019.pdf\" target=\"_blank\" rel=\"noopener\" title=\"\">Einladung Informationsanlass\/F\u00fchrungen zum Projekt Kiesgrube Beichfeld<\/a> \/ 22.4.2019 (en allemand)<\/li>\n\n\n\n<li><a href=\"\/wp-content\/uploads\/2022\/12\/Hurni_MM_kiesgrube_challnechwald_f_27_11_2016.pdf\" target=\"_blank\" rel=\"noopener\" title=\"\">Les citoyens de Kallnach disent oui \u00e0 la gravi\u00e8re<\/a> \/ 27.11.2016<\/li>\n\n\n\n<li><a href=\"\/wp-content\/uploads\/2022\/12\/Hurni_MM_Archaeologie_GR_07_09_2016_f.pdf\" target=\"_blank\" rel=\"noopener\" title=\"\">Jalon important pour le projet d\u2019exploitation de la for\u00eat de Challnech \u00abChallnechwald\u00bb<\/a> \/ 7.9.2016<\/li>\n\n\n\n<li><a href=\"\/wp-content\/uploads\/2022\/12\/Hurni_MM_challnechwald_feb2016.pdf\" target=\"_blank\" rel=\"noopener\" title=\"\">Informationsveranstaltung Kiesabbau Challnechwald<\/a> \/ 4.2.2016 (en allemand)<\/li>\n\n\n\n<li><a href=\"\/wp-content\/uploads\/2022\/12\/Hurni_MM_Kallnach_26_08_2014.pdf\" target=\"_blank\" rel=\"noopener\" title=\"\">Kiesabbau im Challnechwald <\/a>\/ 26.8.2014 (en allemand)<\/li>\n<\/ul>\n<\/div><\/div>\n<\/div><\/div>\n\n\n\n<div class=\"wp-block-group alignfull has-white-background-color has-background\"><div class=\"wp-block-group__inner-container is-layout-flow wp-block-group-is-layout-flow\">\n<div class=\"wp-block-group\"><div class=\"wp-block-group__inner-container is-layout-flow wp-block-group-is-layout-flow\">\n<h2 class=\"wp-block-heading\">Revue de presse<\/h2>\n\n\n\n<h3 class=\"wp-block-heading\">2020<\/h3>\n\n\n\n<ul class=\"wp-block-list\">\n<li><a href=\"\/wp-content\/uploads\/2022\/12\/Freiburger-Nachrichten_4.2.2020.pdf\" target=\"_blank\" rel=\"noopener\" title=\"\">Neuer Wald kompensiert Kiesabbau \/ Freiburger Nachrichten<\/a>, 2.4.2020 (en allemand)<\/li>\n<\/ul>\n\n\n\n<h3 class=\"wp-block-heading\">2019<\/h3>\n\n\n\n<ul class=\"wp-block-list\">\n<li><a href=\"\/wp-content\/uploads\/2022\/12\/Der-Bund_Die-Totenstadt-im-Wald_13082019.pdf\" target=\"_blank\" rel=\"noopener\" title=\"\">Der Bund \u2013 Die Totenstadt im Wald<\/a> \/ Der Bund, 13.8.2019 (en allemand)<\/li>\n\n\n\n<li><a href=\"\/wp-content\/uploads\/2022\/12\/BT_in-30-jahren-wieder-ein-wald_20052019.pdf\" target=\"_blank\" rel=\"noopener\" title=\"\">In 30 Jahren wieder ein Wald \/ <\/a>Bieler Tagblatt, 20.5.2019 (en allemand)<\/li>\n\n\n\n<li><a href=\"http:\/\/www.telebielingue.ch\/fr\/emissions\/info\/2019-02-14#chapter-1fb5d3fb-60e2-4c9a-9347-7132f962a3dc\" target=\"_blank\" rel=\"noreferrer noopener\">Gravi\u00e8re de Kallnach<\/a>, TeleBielingue, 14.2.2019<\/li>\n<\/ul>\n\n\n\n<h3 class=\"wp-block-heading\">2018<\/h3>\n\n\n\n<ul class=\"wp-block-list\">\n<li><a href=\"\/wp-content\/uploads\/2022\/12\/BielBienne_Halber_LKW_Sept2018.pdf\" target=\"_blank\" rel=\"noopener\" title=\"\">Un demi camion par personne<\/a> \/ BielBienne, 19.9.2018<\/li>\n<\/ul>\n\n\n\n<h3 class=\"wp-block-heading\">2017<\/h3>\n\n\n\n<ul class=\"wp-block-list\">\n<li><a href=\"\/wp-content\/uploads\/2022\/12\/impartial_2908201711.pdf\" target=\"_blank\" rel=\"noopener\" title=\"\">La carri\u00e8re de la Fin-des-Chaux a besoin de s&rsquo;agrandir<\/a> \/ L&rsquo;Impartial, 29.8.2017<\/li>\n\n\n\n<li><a href=\"\/wp-content\/uploads\/2022\/12\/franc_montagnard_29082017.pdf\" target=\"_blank\" rel=\"noopener\" title=\"\">Les Breuleux veulent une suite de carri\u00e8re<\/a>, Franches-Montagnes, 29.8.2017<\/li>\n\n\n\n<li><a href=\"\/wp-content\/uploads\/2022\/12\/Quotidien_jurassien_29082017.pdf\" target=\"_blank\" rel=\"noopener\" title=\"\">Un projet d&rsquo;avenir pour le district<\/a> \/ Le Quotidien jurassien, 29.8.2017<\/li>\n<\/ul>\n\n\n\n<h3 class=\"wp-block-heading\">2016<\/h3>\n\n\n\n<ul class=\"wp-block-list\">\n<li><a href=\"\/wp-content\/uploads\/2022\/12\/JJ_08_09_2016_kallnach_fouilles_avant_gravier.pdf\" target=\"_blank\" rel=\"noopener\" title=\"\">Les fouilles avant le gravier<\/a> \/ Journal du Jura, 8.9.2016<\/li>\n\n\n\n<li><a href=\"\/wp-content\/uploads\/2022\/12\/JJ_19_08_2016_archeologie.pdf\" target=\"_blank\" rel=\"noopener\" title=\"\">Arch\u00e9ologie: Soutien \u00e0 deux gros cr\u00e9dits&#8230;<\/a> \/ Journal du Jura, 19.8.2016<\/li>\n<\/ul>\n<\/div><\/div>\n<\/div><\/div>\n","protected":false},"excerpt":{"rendered":"<p>Informations Construire signifie communiquer L\u2019\u00e9poque est r\u00e9volue depuis longtemps o\u00f9 les projets d\u2019extraction et de construction n\u2019\u00e9taient mis en \u00e9vidence que lorsque les pelleteuses faisaient&hellip;<\/p>\n","protected":false},"author":2,"featured_media":1178,"parent":0,"menu_order":400,"comment_status":"closed","ping_status":"closed","template":"","meta":{"inline_featured_image":false,"_uag_custom_page_level_css":"","pgc_sgb_lightbox_settings":"","footnotes":""},"class_list":["post-1600","page","type-page","status-publish","has-post-thumbnail","hentry"],"aioseo_notices":[],"uagb_featured_image_src":{"full":["https:\/\/hurni-gruppe.ch\/wp-content\/uploads\/2021\/12\/Header_Medien-scaled.jpg",2560,854,false],"thumbnail":["https:\/\/hurni-gruppe.ch\/wp-content\/uploads\/2021\/12\/Header_Medien-150x150.jpg",150,150,true],"medium":["https:\/\/hurni-gruppe.ch\/wp-content\/uploads\/2021\/12\/Header_Medien-300x100.jpg",300,100,true],"medium_large":["https:\/\/hurni-gruppe.ch\/wp-content\/uploads\/2021\/12\/Header_Medien-768x256.jpg",768,256,true],"large":["https:\/\/hurni-gruppe.ch\/wp-content\/uploads\/2021\/12\/Header_Medien-1024x341.jpg",843,281,true],"1536x1536":["https:\/\/hurni-gruppe.ch\/wp-content\/uploads\/2021\/12\/Header_Medien-1536x512.jpg",1536,512,true],"2048x2048":["https:\/\/hurni-gruppe.ch\/wp-content\/uploads\/2021\/12\/Header_Medien-2048x683.jpg",2048,683,true]},"uagb_author_info":{"display_name":"gffh","author_link":"https:\/\/hurni-gruppe.ch\/fr\/author\/gffh\/"},"uagb_comment_info":0,"uagb_excerpt":"Informations Construire signifie communiquer L\u2019\u00e9poque est r\u00e9volue depuis longtemps o\u00f9 les projets d\u2019extraction et de construction n\u2019\u00e9taient mis en \u00e9vidence que lorsque les pelleteuses faisaient&hellip;","_links":{"self":[{"href":"https:\/\/hurni-gruppe.ch\/fr\/wp-json\/wp\/v2\/pages\/1600","targetHints":{"allow":["GET"]}}],"collection":[{"href":"https:\/\/hurni-gruppe.ch\/fr\/wp-json\/wp\/v2\/pages"}],"about":[{"href":"https:\/\/hurni-gruppe.ch\/fr\/wp-json\/wp\/v2\/types\/page"}],"author":[{"embeddable":true,"href":"https:\/\/hurni-gruppe.ch\/fr\/wp-json\/wp\/v2\/users\/2"}],"replies":[{"embeddable":true,"href":"https:\/\/hurni-gruppe.ch\/fr\/wp-json\/wp\/v2\/comments?post=1600"}],"version-history":[{"count":35,"href":"https:\/\/hurni-gruppe.ch\/fr\/wp-json\/wp\/v2\/pages\/1600\/revisions"}],"predecessor-version":[{"id":4409,"href":"https:\/\/hurni-gruppe.ch\/fr\/wp-json\/wp\/v2\/pages\/1600\/revisions\/4409"}],"wp:featuredmedia":[{"embeddable":true,"href":"https:\/\/hurni-gruppe.ch\/fr\/wp-json\/wp\/v2\/media\/1178"}],"wp:attachment":[{"href":"https:\/\/hurni-gruppe.ch\/fr\/wp-json\/wp\/v2\/media?parent=1600"}],"curies":[{"name":"wp","href":"https:\/\/api.w.org\/{rel}","templated":true}]}}