{"id":2087,"date":"2023-12-27T10:53:28","date_gmt":"2023-12-27T09:53:28","guid":{"rendered":"https:\/\/hurni-gruppe.ch\/?page_id=2087"},"modified":"2026-04-15T14:15:14","modified_gmt":"2026-04-15T12:15:14","slug":"offre-demploi","status":"publish","type":"page","link":"https:\/\/hurni-gruppe.ch\/fr\/offre-demploi\/","title":{"rendered":"Postes vacants"},"content":{"rendered":"\n<div class=\"wp-block-group alignfull has-white-background-color has-background\"><div class=\"wp-block-group__inner-container is-layout-flow wp-block-group-is-layout-flow\">\n<div class=\"wp-block-group\"><div class=\"wp-block-group__inner-container is-layout-flow wp-block-group-is-layout-flow\">\n<h2 class=\"wp-block-heading\">Offres d&#8217;emploi dans le groupe HURNI<\/h2>\n\n\n\n<p class=\"lead\">La soci\u00e9t\u00e9 Hurni gravier et b\u00e9ton S.A. est active dans la production et le recyclage de mat\u00e9riaux de construction et exploite des d\u00e9charges pour l&rsquo;\u00e9limination des d\u00e9chets de construction. Les usines et les gravi\u00e8res produisent et livrent du gravier et du b\u00e9ton pour la r\u00e9gion Bienne\/Seeland.<\/p>\n\n\n\n<p>De suite ou \u00e0 convenir, nous proposons des postes vari\u00e9s et passionnant\u2026<\/p>\n<\/div><\/div>\n<\/div><\/div>\n\n\n\n<div style=\"height:10px\" aria-hidden=\"true\" class=\"wp-block-spacer\"><\/div>\n\n\n\n<div class=\"wp-block-group alignfull has-gray-light-background-color has-background\"><div class=\"wp-block-group__inner-container is-layout-flow wp-block-group-is-layout-flow\">\n<div class=\"wp-block-group\"><div class=\"wp-block-group__inner-container is-layout-flow wp-block-group-is-layout-flow\">\n<div class=\"wp-block-columns is-layout-flex wp-container-core-columns-is-layout-9d6595d7 wp-block-columns-is-layout-flex\">\n<div class=\"wp-block-column is-layout-flow wp-block-column-is-layout-flow\" style=\"flex-basis:20%\">\n<p>13.04.2026<\/p>\n\n\n\n<figure class=\"wp-block-image size-full is-resized\"><img decoding=\"async\" src=\"https:\/\/hurni-gruppe.ch\/wp-content\/uploads\/2026\/03\/logo-remo-recycling.svg\" alt=\"\" class=\"wp-image-4703\" style=\"width:500px\" \/><\/figure>\n<\/div>\n\n\n\n<div class=\"wp-block-column is-layout-flow wp-block-column-is-layout-flow\" style=\"flex-basis:80%\">\n<h2 class=\"wp-block-heading\">Conducteur\/-trice de machines de chantier Centre de recyclage 100%<\/h2>\n\n\n\n<p>L\u2019entreprise Remo Recycling S.A. trie les d\u00e9chets de chantier et les objets encombrants et les pr\u00e9pare au recyclage \u2013 un maillon important du cycle de recyclage dans notre r\u00e9gion.<\/p>\n\n\n\n<p><strong><strong>Tes t\u00e2ches<\/strong><\/strong><\/p>\n\n\n\n<ul class=\"wp-block-list\">\n<li>Maniement des machines de chantier dans le centre de recyclage (notamment les chargeuses sur pneus)<\/li>\n\n\n\n<li>Chargement, tri et gestion des mat\u00e9riaux de recyclage<\/li>\n\n\n\n<li>Assurer un \u00e9coulement fluide du flux de mat\u00e9riaux<\/li>\n\n\n\n<li>Remplacement de vacances \u00e0 la balance au sol pour v\u00e9hicules (contr\u00f4le des entr\u00e9es, pes\u00e9e, contact avec la client\u00e8le)<\/li>\n\n\n\n<li>Maniement de la pince de tri lors de remplacements de vacances<\/li>\n\n\n\n<li>Nettoyage, entretien et garantie de la pr\u00e9paration op\u00e9rationnelle des machines<\/li>\n<\/ul>\n\n\n\n<p><strong><strong>Nos exigences<\/strong><\/strong><\/p>\n\n\n\n<ul class=\"wp-block-list\">\n<li>Formation technique ou artisanale de base CFC dans la branche ou le secteur secondaire de la construction<\/li>\n\n\n\n<li>Exp\u00e9rience en tant que conducteur\/-trice de machines de chantier (id\u00e9alement dans le recyclage, le gravier ou la d\u00e9charge)<\/li>\n\n\n\n<li>Exp\u00e9rience pratique de chargeuses sur pneus, un atout \u00e9galement la pince de tri<\/li>\n\n\n\n<li>M\u00e9thode de travail ind\u00e9pendante, pr\u00e9cise et soucieuse de la qualit\u00e9<\/li>\n\n\n\n<li>Appr\u00e9ciation du contact avec la client\u00e8le et du travail d&rsquo;\u00e9quipe<\/li>\n\n\n\n<li>Bonne connaissance d&rsquo;allemand, le fran\u00e7ais est un atout<\/li>\n\n\n\n<li>Des comp\u00e9tences informatiques de base (pour la balance \/ les syst\u00e8mes) sont un atout<\/li>\n<\/ul>\n\n\n\n<p><strong><strong><strong>Nous offrons<\/strong><\/strong><\/strong><\/p>\n\n\n\n<ul class=\"wp-block-list\">\n<li>Entreprise g\u00e9r\u00e9e de mani\u00e8re durable<\/li>\n\n\n\n<li>Bonne ambiance de travail dans une entreprise familiale<\/li>\n\n\n\n<li>Activit\u00e9 int\u00e9ressante, vari\u00e9e et avec des responsabilit\u00e9s<\/li>\n\n\n\n<li>R\u00e9mun\u00e9ration contemporaine et bonnes prestations sociales<\/li>\n\n\n\n<li>Formations continues r\u00e9guli\u00e8res<\/li>\n<\/ul>\n\n\n\n<p>Tu te reconnais?\u00a0Alors envoie ta candidature compl\u00e8te par e-mail \u00e0 <a href=\"mailto:personal@hurniag.ch\" target=\"_blank\" rel=\"noopener\" title=\"\">personal@hurniag.ch<\/a>.<\/p>\n\n\n\n<p>Mme Tanja Riem, responsable du personnel, est disponible chaque matin pour toute question au 032 397 00 35.<\/p>\n<\/div>\n<\/div>\n<\/div><\/div>\n<\/div><\/div>\n\n\n\n<div style=\"height:10px\" aria-hidden=\"true\" class=\"wp-block-spacer\"><\/div>\n\n\n\n<div class=\"wp-block-group alignfull has-gray-light-background-color has-background\"><div class=\"wp-block-group__inner-container is-layout-flow wp-block-group-is-layout-flow\">\n<div class=\"wp-block-group\"><div class=\"wp-block-group__inner-container is-layout-flow wp-block-group-is-layout-flow\">\n<div class=\"wp-block-columns is-layout-flex wp-container-core-columns-is-layout-9d6595d7 wp-block-columns-is-layout-flex\">\n<div class=\"wp-block-column is-layout-flow wp-block-column-is-layout-flow\" style=\"flex-basis:20%\">\n<p>13.04.2026<\/p>\n\n\n\n<figure class=\"wp-block-image size-large\"><img loading=\"lazy\" decoding=\"async\" width=\"1024\" height=\"461\" src=\"https:\/\/hurni-gruppe.ch\/wp-content\/uploads\/2024\/02\/logo_hurni_kies_beton-1024x461.jpg\" alt=\"\" class=\"wp-image-2945\" srcset=\"https:\/\/hurni-gruppe.ch\/wp-content\/uploads\/2024\/02\/logo_hurni_kies_beton-1024x461.jpg 1024w, https:\/\/hurni-gruppe.ch\/wp-content\/uploads\/2024\/02\/logo_hurni_kies_beton-300x135.jpg 300w, https:\/\/hurni-gruppe.ch\/wp-content\/uploads\/2024\/02\/logo_hurni_kies_beton-768x346.jpg 768w, https:\/\/hurni-gruppe.ch\/wp-content\/uploads\/2024\/02\/logo_hurni_kies_beton.jpg 1181w\" sizes=\"auto, (max-width: 1024px) 100vw, 1024px\" \/><\/figure>\n<\/div>\n\n\n\n<div class=\"wp-block-column is-layout-flow wp-block-column-is-layout-flow\" style=\"flex-basis:80%\">\n<h2 class=\"wp-block-heading\">Poste d\u2019apprentissage en tant que sp\u00e9cialiste du transport routier&nbsp;<\/h2>\n\n\n\n<p>Tu es quotidiennement sur les routes du Seeland bernois, o\u00f9 tu conduis diff\u00e9rents v\u00e9hicules tels que des engins \u00e0 grappin, des Welaki avec ou sans remorque, ainsi que des semi-remorques \u00e0 benne basculante. Ton principal domaine d\u2019activit\u00e9 est le transport de mat\u00e9riaux de construction et de bennes. Apr\u00e8s avoir pris connaissance des livraisons pr\u00e9vues, tu choisis l\u2019itin\u00e9raire appropri\u00e9 en respectant le code de la route et en calculant le temps de trajet. \u00c0 partir de 17 ans, tu peux obtenir le permis de conduire pour les cat\u00e9gories B, C et CE (poids lourds et remorques) et acqu\u00e9rir une exp\u00e9rience pratique de conduite avec ton formateur. En plus du transport, tu participes aussi au nettoyage, \u00e0 l\u2019entretien et \u00e0 de petites r\u00e9parations du v\u00e9hicule.<\/p>\n\n\n\n<p><strong>Ton profil<\/strong><\/p>\n\n\n\n<ul class=\"wp-block-list\">\n<li>Aptitude pratique et connaissances techniques<\/li>\n\n\n\n<li>Plaisir \u00e0 travailler avec des personnes et \u00e0 utiliser des machines<\/li>\n\n\n\n<li>Fiabilit\u00e9 et sens des responsabilit\u00e9s<\/li>\n\n\n\n<li>Autonomie<\/li>\n\n\n\n<li>Capacit\u00e9 d\u2019adaptation et comp\u00e9tences organisationnelles<\/li>\n\n\n\n<li>R\u00e9silience et bonne concentration<\/li>\n\n\n\n<li>Bonne condition physique<\/li>\n<\/ul>\n\n\n\n<p><strong>Nous offrons<\/strong><\/p>\n\n\n\n<ul class=\"wp-block-list\">\n<li>Une entreprise g\u00e9r\u00e9e de mani\u00e8re durable<\/li>\n\n\n\n<li>Une bonne ambiance de travail dans une entreprise familiale<\/li>\n\n\n\n<li>Une activit\u00e9 int\u00e9ressante, vari\u00e9e et responsable<\/li>\n\n\n\n<li>Participation aux pour un ordinateur portable<\/li>\n<\/ul>\n\n\n\n<p>Tu te reconnais?&nbsp;Alors envoie ta candidature compl\u00e8te par e-mail \u00e0 <a href=\"mailto:personal@hurniag.ch\">personal@hurniag.ch<\/a>.<\/p>\n\n\n\n<p>Mme Tanja Riem, responsable du personnel, est disponible chaque matin pour toute question au 032 397 00 35.<\/p>\n<\/div>\n<\/div>\n<\/div><\/div>\n<\/div><\/div>\n\n\n\n<div style=\"height:10px\" aria-hidden=\"true\" class=\"wp-block-spacer\"><\/div>\n\n\n\n<div class=\"wp-block-group alignfull has-gray-light-background-color has-background\"><div class=\"wp-block-group__inner-container is-layout-flow wp-block-group-is-layout-flow\">\n<div class=\"wp-block-group\"><div class=\"wp-block-group__inner-container is-layout-flow wp-block-group-is-layout-flow\">\n<div class=\"wp-block-columns is-layout-flex wp-container-core-columns-is-layout-9d6595d7 wp-block-columns-is-layout-flex\">\n<div class=\"wp-block-column is-layout-flow wp-block-column-is-layout-flow\" style=\"flex-basis:20%\">\n<p>13.04.2026<\/p>\n\n\n\n<figure class=\"wp-block-image size-large\"><img loading=\"lazy\" decoding=\"async\" width=\"1024\" height=\"461\" src=\"https:\/\/hurni-gruppe.ch\/wp-content\/uploads\/2024\/02\/logo_hurni_kies_beton-1024x461.jpg\" alt=\"\" class=\"wp-image-2945\" srcset=\"https:\/\/hurni-gruppe.ch\/wp-content\/uploads\/2024\/02\/logo_hurni_kies_beton-1024x461.jpg 1024w, https:\/\/hurni-gruppe.ch\/wp-content\/uploads\/2024\/02\/logo_hurni_kies_beton-300x135.jpg 300w, https:\/\/hurni-gruppe.ch\/wp-content\/uploads\/2024\/02\/logo_hurni_kies_beton-768x346.jpg 768w, https:\/\/hurni-gruppe.ch\/wp-content\/uploads\/2024\/02\/logo_hurni_kies_beton.jpg 1181w\" sizes=\"auto, (max-width: 1024px) 100vw, 1024px\" \/><\/figure>\n<\/div>\n\n\n\n<div class=\"wp-block-column is-layout-flow wp-block-column-is-layout-flow\" style=\"flex-basis:80%\">\n<h2 class=\"wp-block-heading\">Conducteur\/-trice de poids lourds (100%)<\/h2>\n\n\n\n<p><strong><strong><strong>Ton profil<\/strong><\/strong><\/strong><\/p>\n\n\n\n<ul class=\"wp-block-list\">\n<li>Permis de conduire Cat. C et certificat de qualification CZV<\/li>\n\n\n\n<li>Travail fiable, flexible et consciencieux<\/li>\n\n\n\n<li>Approche autonome, sympathique et serviable<\/li>\n\n\n\n<li>Plusieurs ann\u00e9es d\u2019exp\u00e9rience de conduite sans accident<\/li>\n\n\n\n<li>Bonne condition physique<\/li>\n\n\n\n<li>Bonnes connaissances en allemand ou en fran\u00e7ais<\/li>\n<\/ul>\n\n\n\n<p><strong>Nous offrons<\/strong><\/p>\n\n\n\n<ul class=\"wp-block-list\">\n<li>Une entreprise g\u00e9r\u00e9e de mani\u00e8re durable<\/li>\n\n\n\n<li>Un bon climat de travail dans une entreprise familiale<\/li>\n\n\n\n<li>Une activit\u00e9 int\u00e9ressante, vari\u00e9e et responsable<\/li>\n\n\n\n<li>Une r\u00e9mun\u00e9ration moderne avec un 13e salaire<\/li>\n\n\n\n<li>Au moins 5 semaines de vacances et de bonnes prestations sociales<\/li>\n\n\n\n<li>Des formations continues r\u00e9guli\u00e8res<\/li>\n<\/ul>\n\n\n\n<p>Tu te reconnais?&nbsp;Alors envoie ta candidature compl\u00e8te par e-mail \u00e0 <a href=\"mailto:personal@hurniag.ch\">personal@hurniag.ch<\/a>.<\/p>\n\n\n\n<p>Mme Tanja Riem, responsable du personnel, est disponible chaque matin pour toute question au 032 397 00 35.<\/p>\n<\/div>\n<\/div>\n<\/div><\/div>\n<\/div><\/div>\n","protected":false},"excerpt":{"rendered":"<p>Offres d&#8217;emploi dans le groupe HURNI La soci\u00e9t\u00e9 Hurni gravier et b\u00e9ton S.A. est active dans la production et le recyclage de mat\u00e9riaux de construction&hellip;<\/p>\n","protected":false},"author":2,"featured_media":2115,"parent":0,"menu_order":450,"comment_status":"closed","ping_status":"closed","template":"","meta":{"inline_featured_image":false,"_uag_custom_page_level_css":"","pgc_sgb_lightbox_settings":"","footnotes":""},"class_list":["post-2087","page","type-page","status-publish","has-post-thumbnail","hentry"],"aioseo_notices":[],"uagb_featured_image_src":{"full":["https:\/\/hurni-gruppe.ch\/wp-content\/uploads\/2022\/12\/header_stellen-scaled.jpg",2560,1280,false],"thumbnail":["https:\/\/hurni-gruppe.ch\/wp-content\/uploads\/2022\/12\/header_stellen-150x150.jpg",150,150,true],"medium":["https:\/\/hurni-gruppe.ch\/wp-content\/uploads\/2022\/12\/header_stellen-300x150.jpg",300,150,true],"medium_large":["https:\/\/hurni-gruppe.ch\/wp-content\/uploads\/2022\/12\/header_stellen-768x384.jpg",768,384,true],"large":["https:\/\/hurni-gruppe.ch\/wp-content\/uploads\/2022\/12\/header_stellen-1024x512.jpg",843,422,true],"1536x1536":["https:\/\/hurni-gruppe.ch\/wp-content\/uploads\/2022\/12\/header_stellen-1536x768.jpg",1536,768,true],"2048x2048":["https:\/\/hurni-gruppe.ch\/wp-content\/uploads\/2022\/12\/header_stellen-2048x1024.jpg",2048,1024,true]},"uagb_author_info":{"display_name":"gffh","author_link":"https:\/\/hurni-gruppe.ch\/fr\/author\/gffh\/"},"uagb_comment_info":0,"uagb_excerpt":"Offres d&#8217;emploi dans le groupe HURNI La soci\u00e9t\u00e9 Hurni gravier et b\u00e9ton S.A. est active dans la production et le recyclage de mat\u00e9riaux de construction&hellip;","_links":{"self":[{"href":"https:\/\/hurni-gruppe.ch\/fr\/wp-json\/wp\/v2\/pages\/2087","targetHints":{"allow":["GET"]}}],"collection":[{"href":"https:\/\/hurni-gruppe.ch\/fr\/wp-json\/wp\/v2\/pages"}],"about":[{"href":"https:\/\/hurni-gruppe.ch\/fr\/wp-json\/wp\/v2\/types\/page"}],"author":[{"embeddable":true,"href":"https:\/\/hurni-gruppe.ch\/fr\/wp-json\/wp\/v2\/users\/2"}],"replies":[{"embeddable":true,"href":"https:\/\/hurni-gruppe.ch\/fr\/wp-json\/wp\/v2\/comments?post=2087"}],"version-history":[{"count":105,"href":"https:\/\/hurni-gruppe.ch\/fr\/wp-json\/wp\/v2\/pages\/2087\/revisions"}],"predecessor-version":[{"id":4797,"href":"https:\/\/hurni-gruppe.ch\/fr\/wp-json\/wp\/v2\/pages\/2087\/revisions\/4797"}],"wp:featuredmedia":[{"embeddable":true,"href":"https:\/\/hurni-gruppe.ch\/fr\/wp-json\/wp\/v2\/media\/2115"}],"wp:attachment":[{"href":"https:\/\/hurni-gruppe.ch\/fr\/wp-json\/wp\/v2\/media?parent=2087"}],"curies":[{"name":"wp","href":"https:\/\/api.w.org\/{rel}","templated":true}]}}