{"id":2394,"date":"2023-03-07T15:47:14","date_gmt":"2023-03-07T14:47:14","guid":{"rendered":"https:\/\/hurni-gruppe.ch\/?page_id=2394"},"modified":"2026-03-30T10:10:51","modified_gmt":"2026-03-30T08:10:51","slug":"equipe","status":"publish","type":"page","link":"https:\/\/hurni-gruppe.ch\/fr\/notre-profil\/equipe\/","title":{"rendered":"\u00c9quipe \u2013 vos personnes de contact"},"content":{"rendered":"\n<div class=\"wp-block-group alignfull has-white-background-color has-background\"><div class=\"wp-block-group__inner-container is-layout-flow wp-block-group-is-layout-flow\">\n<div id=\"Conseil-d'administration\" class=\"wp-block-group\"><div class=\"wp-block-group__inner-container is-layout-flow wp-block-group-is-layout-flow\">\n<h2 class=\"wp-block-heading\">Conseil d&rsquo;administration<\/h2>\n\n\n\n<div class=\"wp-block-columns alignwide is-layout-flex wp-container-core-columns-is-layout-9d6595d7 wp-block-columns-is-layout-flex\">\n<div class=\"wp-block-column is-layout-flow wp-block-column-is-layout-flow\" style=\"flex-basis:250px\">\n<figure class=\"wp-block-image size-full is-resized\"><img loading=\"lazy\" decoding=\"async\" width=\"200\" height=\"300\" src=\"https:\/\/hurni-gruppe.ch\/wp-content\/uploads\/2023\/10\/ThomasHurni_2023.jpg\" alt=\"\" class=\"wp-image-2687\" style=\"width:200px;height:300px\"\/><\/figure>\n\n\n\n<h3 class=\"wp-block-heading\">Thomas Hurni<\/h3>\n\n\n\n<p>Pr\u00e9sident<\/p>\n\n\n\n<p><a href=\"tel:+41323970045\">032&nbsp;397&nbsp;00&nbsp;45<\/a><br><a href=\"mailto:t.hurni@hurniag.ch\">t.hurni@hurniag.ch<\/a><\/p>\n<\/div>\n\n\n\n<div class=\"wp-block-column is-layout-flow wp-block-column-is-layout-flow\" style=\"flex-basis:250px\">\n<figure class=\"wp-block-image size-full\"><img loading=\"lazy\" decoding=\"async\" width=\"200\" height=\"300\" src=\"https:\/\/hurni-gruppe.ch\/wp-content\/uploads\/2023\/10\/FritzHurni_2023.jpg\" alt=\"\" class=\"wp-image-2679\"\/><\/figure>\n\n\n\n<h3 class=\"wp-block-heading\">Fritz R. Hurni<\/h3>\n\n\n\n<p>D\u00e9l\u00e9gu\u00e9<\/p>\n\n\n\n<p><a href=\"tel:+41323970044\">032&nbsp;397&nbsp;00&nbsp;44<\/a><br><a href=\"mailto:f.hurni@hurniag.ch\">f.hurni@hurniag.ch<\/a><\/p>\n<\/div>\n\n\n\n<div class=\"wp-block-column is-layout-flow wp-block-column-is-layout-flow\" style=\"flex-basis:250px\">\n<figure class=\"wp-block-image size-full\"><img loading=\"lazy\" decoding=\"async\" width=\"200\" height=\"300\" src=\"https:\/\/hurni-gruppe.ch\/wp-content\/uploads\/2023\/10\/HPNydegger_2023.jpg\" alt=\"\" class=\"wp-image-2683\"\/><\/figure>\n\n\n\n<h3 class=\"wp-block-heading\">Hans-Peter Nydegger<\/h3>\n\n\n\n<p>Secr\u00e9taire<\/p>\n\n\n\n<p><a href=\"tel:+41323970030\">032&nbsp;397&nbsp;00&nbsp;30<\/a><br><a href=\"mailto:admin@hurniag.ch\">admin@hurniag.ch<\/a><\/p>\n<\/div>\n<\/div>\n<\/div><\/div>\n<\/div><\/div>\n\n\n\n<div class=\"wp-block-group alignfull has-gray-light-background-color has-background\"><div class=\"wp-block-group__inner-container is-layout-flow wp-block-group-is-layout-flow\">\n<div id=\"Membres-de-la-direction\" class=\"wp-block-group\"><div class=\"wp-block-group__inner-container is-layout-flow wp-block-group-is-layout-flow\">\n<h2 class=\"wp-block-heading\">Membres de la direction<\/h2>\n\n\n\n<div class=\"wp-block-columns alignwide is-layout-flex wp-container-core-columns-is-layout-9d6595d7 wp-block-columns-is-layout-flex\">\n<div class=\"wp-block-column is-layout-flow wp-block-column-is-layout-flow\" style=\"flex-basis:250px\">\n<figure class=\"wp-block-image size-full\"><img loading=\"lazy\" decoding=\"async\" width=\"200\" height=\"300\" src=\"https:\/\/hurni-gruppe.ch\/wp-content\/uploads\/2023\/10\/FritzHurni_2023.jpg\" alt=\"\" class=\"wp-image-2679\"\/><\/figure>\n\n\n\n<h3 class=\"wp-block-heading\">Fritz R. Hurni<\/h3>\n\n\n\n<p>Directeur \/<br>Responsable<br>Services centraux<\/p>\n\n\n\n<p><a href=\"tel:+41323970045\">032&nbsp;397&nbsp;00&nbsp;44<\/a><br><a href=\"mailto:f.hurni@hurniag.ch\">f.hurni@hurniag.ch<\/a><\/p>\n<\/div>\n\n\n\n<div class=\"wp-block-column is-layout-flow wp-block-column-is-layout-flow\" style=\"flex-basis:250px\">\n<figure class=\"wp-block-image size-full\"><img loading=\"lazy\" decoding=\"async\" width=\"200\" height=\"300\" src=\"\/wp-content\/uploads\/2021\/11\/ShabanajGazmend-1.jpg\" alt=\"\" class=\"wp-image-206\" style=\"object-fit:cover\"\/><\/figure>\n\n\n\n<h3 class=\"wp-block-heading\">Gazmend Shabanaj<\/h3>\n\n\n\n<p>Responsable<br>Mat\u00e9riaux de construction<\/p>\n\n\n\n<p><a href=\"tel:+41323291344\">032&nbsp;329&nbsp;13&nbsp;44<\/a><br><a href=\"mailto:g.shabanaj@hurniag.ch\">g.shabanaj@hurniag.ch<\/a><\/p>\n<\/div>\n\n\n\n<div class=\"wp-block-column is-layout-flow wp-block-column-is-layout-flow\" style=\"flex-basis:250px\">\n<figure class=\"wp-block-image size-full\"><img loading=\"lazy\" decoding=\"async\" width=\"200\" height=\"300\" src=\"\/wp-content\/uploads\/2021\/12\/BenningerMartin.jpg\" alt=\"\" class=\"wp-image-543\"\/><\/figure>\n\n\n\n<h3 class=\"wp-block-heading\">Martin Benninger<\/h3>\n\n\n\n<p>Responsable<br>Vente et Qualit\u00e9<\/p>\n\n\n\n<p><a href=\"tel:+41323970036\">032&nbsp;397&nbsp;00&nbsp;36<\/a><br><a href=\"mailto:m.benninger@hurniag.ch\">m.benninger@hurniag.ch<\/a><\/p>\n<\/div>\n<\/div>\n\n\n\n<div class=\"wp-block-columns alignwide is-layout-flex wp-container-core-columns-is-layout-9d6595d7 wp-block-columns-is-layout-flex\">\n<div class=\"wp-block-column is-layout-flow wp-block-column-is-layout-flow\" style=\"flex-basis:250px\">\n<figure class=\"wp-block-image size-full\"><img loading=\"lazy\" decoding=\"async\" width=\"200\" height=\"300\" src=\"https:\/\/hurni-gruppe.ch\/wp-content\/uploads\/2026\/03\/ReneFrey.jpg\" alt=\"\" class=\"wp-image-4763\"\/><\/figure>\n\n\n\n<h3 class=\"wp-block-heading\">Ren\u00e9 Frey<\/h3>\n\n\n\n<p>Responsable Logistique<\/p>\n\n\n\n<p><a href=\"tel:+41323291338\">032 397 00 34<\/a><br><a href=\"mailto:hp.kocher@funicarmulden.ch\"><a href=\"mailto:r.frey@hurniag.ch\">r.frey@hurniag.ch<\/a><\/a><\/p>\n<\/div>\n\n\n\n<div class=\"wp-block-column is-layout-flow wp-block-column-is-layout-flow\" style=\"flex-basis:250px\">\n<figure class=\"wp-block-image size-full\"><img loading=\"lazy\" decoding=\"async\" width=\"200\" height=\"300\" src=\"https:\/\/hurni-gruppe.ch\/wp-content\/uploads\/2023\/10\/HPNydegger_2023.jpg\" alt=\"\" class=\"wp-image-2683\"\/><\/figure>\n\n\n\n<h3 class=\"wp-block-heading\">Hans-Peter Nydegger<\/h3>\n\n\n\n<p>Responsable Finances<\/p>\n\n\n\n<p><a href=\"tel:+41323970030\">032&nbsp;397&nbsp;00&nbsp;30<\/a><br><a href=\"mailto:admin@hurniag.ch\">admin@hurniag.ch<\/a><\/p>\n<\/div>\n<\/div>\n<\/div><\/div>\n<\/div><\/div>\n\n\n\n<div class=\"wp-block-group alignfull has-white-background-color has-background\"><div class=\"wp-block-group__inner-container is-layout-flow wp-block-group-is-layout-flow\">\n<div id=\"Services-centraux\" class=\"wp-block-group\"><div class=\"wp-block-group__inner-container is-layout-flow wp-block-group-is-layout-flow\">\n<h2 class=\"wp-block-heading\">Services centraux<\/h2>\n\n\n\n<div class=\"wp-block-columns alignwide is-layout-flex wp-container-core-columns-is-layout-9d6595d7 wp-block-columns-is-layout-flex\">\n<div class=\"wp-block-column is-layout-flow wp-block-column-is-layout-flow\" style=\"flex-basis:250px\">\n<figure class=\"wp-block-image size-full\"><img loading=\"lazy\" decoding=\"async\" width=\"200\" height=\"300\" src=\"https:\/\/hurni-gruppe.ch\/wp-content\/uploads\/2023\/10\/FritzHurni_2023.jpg\" alt=\"\" class=\"wp-image-2679\"\/><\/figure>\n\n\n\n<h3 class=\"wp-block-heading\">Fritz R. Hurni<\/h3>\n\n\n\n<p>Directeur \/<br>Responsable<br>Services centraux<\/p>\n\n\n\n<p><a href=\"tel:+41323970045\">032&nbsp;397&nbsp;00&nbsp;44<\/a><br><a href=\"mailto:f.hurni@hurniag.ch\">f.hurni@hurniag.ch<\/a><\/p>\n<\/div>\n\n\n\n<div class=\"wp-block-column is-layout-flow wp-block-column-is-layout-flow\" style=\"flex-basis:250px\">\n<figure class=\"wp-block-image size-full\"><img loading=\"lazy\" decoding=\"async\" width=\"200\" height=\"300\" src=\"https:\/\/hurni-gruppe.ch\/wp-content\/uploads\/2023\/10\/HPNydegger_2023.jpg\" alt=\"\" class=\"wp-image-2683\"\/><\/figure>\n\n\n\n<h3 class=\"wp-block-heading\">Hans-Peter Nydegger<\/h3>\n\n\n\n<p>Responsable Finances<\/p>\n\n\n\n<p><a href=\"tel:+41323970030\">032&nbsp;397&nbsp;00&nbsp;30<\/a><br><a href=\"mailto:admin@hurniag.ch\">admin@hurniag.ch<\/a><\/p>\n<\/div>\n\n\n\n<div class=\"wp-block-column is-layout-flow wp-block-column-is-layout-flow\" style=\"flex-basis:250px\">\n<figure class=\"wp-block-image size-full\"><img loading=\"lazy\" decoding=\"async\" width=\"200\" height=\"300\" src=\"https:\/\/hurni-gruppe.ch\/wp-content\/uploads\/2023\/10\/FelixNeff_web-3.jpg\" alt=\"\" class=\"wp-image-2668\"\/><\/figure>\n\n\n\n<h3 class=\"wp-block-heading\">Felix Neff<\/h3>\n\n\n\n<p>Responsable Comptabilit\u00e9<\/p>\n\n\n\n<p><a href=\"tel:+41323970030\">032&nbsp;397&nbsp;00 42<\/a><br><a href=\"mailto:f.neff@hurniag.ch\">f.neff@hurniag.ch<\/a><\/p>\n<\/div>\n\n\n\n<div class=\"wp-block-column is-layout-flow wp-block-column-is-layout-flow\" style=\"flex-basis:250px\">\n<figure class=\"wp-block-image size-full\"><img loading=\"lazy\" decoding=\"async\" width=\"200\" height=\"300\" src=\"https:\/\/hurni-gruppe.ch\/wp-content\/uploads\/2023\/10\/LiaDiLorenzo_2023.jpg\" alt=\"\" class=\"wp-image-2685\"\/><\/figure>\n\n\n\n<h3 class=\"wp-block-heading\">Lia Di Lorenzo<\/h3>\n\n\n\n<p>Salaires<\/p>\n\n\n\n<p><a href=\"tel:+41323970030\">032&nbsp;328 20 24<\/a><br><a href=\"mailto:l.dilorenzo@hurniag.ch\">l.dilorenzo@hurniag.ch<\/a><\/p>\n<\/div>\n<\/div>\n\n\n\n<div class=\"wp-block-columns alignwide is-layout-flex wp-container-core-columns-is-layout-9d6595d7 wp-block-columns-is-layout-flex\">\n<div class=\"wp-block-column is-layout-flow wp-block-column-is-layout-flow\" style=\"flex-basis:250px\">\n<figure class=\"wp-block-image size-full\"><img loading=\"lazy\" decoding=\"async\" width=\"200\" height=\"300\" src=\"https:\/\/hurni-gruppe.ch\/wp-content\/uploads\/2023\/10\/Marti-Florence_MOS7257_web-1.jpg\" alt=\"\" class=\"wp-image-2665\"\/><\/figure>\n\n\n\n<h3 class=\"wp-block-heading\">Florence Marti<\/h3>\n\n\n\n<p>Comptabilit\u00e9 \/ Facturation \/ Dispo<\/p>\n\n\n\n<p><a href=\"tel:+41323970045\"><\/a>032 329 13 39<br><a href=\"mailto:f.marti@hurniag.ch\">f.marti@hurniag.ch<\/a><\/p>\n<\/div>\n\n\n\n<div class=\"wp-block-column is-layout-flow wp-block-column-is-layout-flow\" style=\"flex-basis:250px\">\n<figure class=\"wp-block-image size-full\"><img loading=\"lazy\" decoding=\"async\" width=\"200\" height=\"300\" src=\"https:\/\/hurni-gruppe.ch\/wp-content\/uploads\/2023\/01\/MathiasKuratli.jpg\" alt=\"\" class=\"wp-image-4325\"\/><\/figure>\n\n\n\n<h3 class=\"wp-block-heading\">Mathias Kuratli<\/h3>\n\n\n\n<p>Comptabilit\u00e9 \/ Facturation <\/p>\n\n\n\n<p><a href=\"tel:+41323970045\"><\/a>032 397 00 43<br><a href=\"mailto:m.kuratli@hurniag.ch\" title=\"\">m.kuratli@hurniag.ch<\/a><\/p>\n<\/div>\n\n\n\n<div class=\"wp-block-column is-layout-flow wp-block-column-is-layout-flow\" style=\"flex-basis:250px\">\n<figure class=\"wp-block-image size-full\"><img loading=\"lazy\" decoding=\"async\" width=\"200\" height=\"300\" src=\"https:\/\/hurni-gruppe.ch\/wp-content\/uploads\/2023\/01\/ConiScheurer.jpg\" alt=\"\" class=\"wp-image-4169\"\/><\/figure>\n\n\n\n<h3 class=\"wp-block-heading\">Coni Scheurer<\/h3>\n\n\n\n<p>Vente \/ Facturation<\/p>\n\n\n\n<p>032 397 00 48<br><a href=\"mailto:t.riem@hurniag.ch\">c.scheurer@hurniag.ch<\/a><\/p>\n<\/div>\n\n\n\n<div class=\"wp-block-column is-layout-flow wp-block-column-is-layout-flow\" style=\"flex-basis:250px\">\n<figure class=\"wp-block-image size-full\"><img loading=\"lazy\" decoding=\"async\" width=\"200\" height=\"300\" src=\"https:\/\/hurni-gruppe.ch\/wp-content\/uploads\/2023\/01\/TanjaRiem_2025.jpg\" alt=\"\" class=\"wp-image-3950\"\/><\/figure>\n\n\n\n<h3 class=\"wp-block-heading\">Tanja Riem<\/h3>\n\n\n\n<p>Personnel<br>(joignable le matin)<\/p>\n\n\n\n<p>032 397 00 35<br><a href=\"mailto:t.riem@hurniag.ch\">t.riem@hurniag.ch<\/a><\/p>\n<\/div>\n<\/div>\n<\/div><\/div>\n<\/div><\/div>\n\n\n\n<div class=\"wp-block-group alignfull has-gray-light-background-color has-background\"><div class=\"wp-block-group__inner-container is-layout-flow wp-block-group-is-layout-flow\">\n<div class=\"wp-block-group\"><div class=\"wp-block-group__inner-container is-layout-flow wp-block-group-is-layout-flow\">\n<h2 class=\"wp-block-heading\">Organigramm<\/h2>\n\n\n\n<figure class=\"wp-block-image alignfull size-large\"><img loading=\"lazy\" decoding=\"async\" width=\"1024\" height=\"768\" src=\"https:\/\/hurni-gruppe.ch\/wp-content\/uploads\/2026\/03\/Organigramm-ab-01042026-f-1024x768.jpg\" alt=\"\" class=\"wp-image-4740\" srcset=\"https:\/\/hurni-gruppe.ch\/wp-content\/uploads\/2026\/03\/Organigramm-ab-01042026-f-1024x768.jpg 1024w, https:\/\/hurni-gruppe.ch\/wp-content\/uploads\/2026\/03\/Organigramm-ab-01042026-f-300x225.jpg 300w, https:\/\/hurni-gruppe.ch\/wp-content\/uploads\/2026\/03\/Organigramm-ab-01042026-f-768x576.jpg 768w, https:\/\/hurni-gruppe.ch\/wp-content\/uploads\/2026\/03\/Organigramm-ab-01042026-f-1536x1152.jpg 1536w, https:\/\/hurni-gruppe.ch\/wp-content\/uploads\/2026\/03\/Organigramm-ab-01042026-f-2048x1536.jpg 2048w\" sizes=\"auto, (max-width: 1024px) 100vw, 1024px\" \/><\/figure>\n\n\n\n<div class=\"wp-block-file\"><a id=\"wp-block-file--media-301d9ee7-592c-4475-b9a3-bc094a4b7dd3\" href=\"https:\/\/hurni-gruppe.ch\/wp-content\/uploads\/2026\/03\/Organigramm-ab-01042026-f.pdf\">Organigramme d\u00e8s 1.4.2026<\/a><a href=\"https:\/\/hurni-gruppe.ch\/wp-content\/uploads\/2026\/03\/Organigramm-ab-01042026-f.pdf\" class=\"wp-block-file__button wp-element-button\" download aria-describedby=\"wp-block-file--media-301d9ee7-592c-4475-b9a3-bc094a4b7dd3\">T\u00e9l\u00e9charger l&rsquo;organigramme au format PDF<\/a><\/div>\n<\/div><\/div>\n<\/div><\/div>\n\n\n\n<p><\/p>\n","protected":false},"excerpt":{"rendered":"<p>Organigramm<\/p>\n","protected":false},"author":2,"featured_media":2170,"parent":1541,"menu_order":105,"comment_status":"closed","ping_status":"closed","template":"","meta":{"inline_featured_image":false,"_uag_custom_page_level_css":"","pgc_sgb_lightbox_settings":"","footnotes":""},"class_list":["post-2394","page","type-page","status-publish","has-post-thumbnail","hentry"],"aioseo_notices":[],"uagb_featured_image_src":{"full":["https:\/\/hurni-gruppe.ch\/wp-content\/uploads\/2023\/01\/Team-scaled.jpg",2560,1610,false],"thumbnail":["https:\/\/hurni-gruppe.ch\/wp-content\/uploads\/2023\/01\/Team-150x150.jpg",150,150,true],"medium":["https:\/\/hurni-gruppe.ch\/wp-content\/uploads\/2023\/01\/Team-300x189.jpg",300,189,true],"medium_large":["https:\/\/hurni-gruppe.ch\/wp-content\/uploads\/2023\/01\/Team-768x483.jpg",768,483,true],"large":["https:\/\/hurni-gruppe.ch\/wp-content\/uploads\/2023\/01\/Team-1024x644.jpg",843,530,true],"1536x1536":["https:\/\/hurni-gruppe.ch\/wp-content\/uploads\/2023\/01\/Team-1536x966.jpg",1536,966,true],"2048x2048":["https:\/\/hurni-gruppe.ch\/wp-content\/uploads\/2023\/01\/Team-2048x1288.jpg",2048,1288,true]},"uagb_author_info":{"display_name":"gffh","author_link":"https:\/\/hurni-gruppe.ch\/fr\/author\/gffh\/"},"uagb_comment_info":0,"uagb_excerpt":"Organigramm","_links":{"self":[{"href":"https:\/\/hurni-gruppe.ch\/fr\/wp-json\/wp\/v2\/pages\/2394","targetHints":{"allow":["GET"]}}],"collection":[{"href":"https:\/\/hurni-gruppe.ch\/fr\/wp-json\/wp\/v2\/pages"}],"about":[{"href":"https:\/\/hurni-gruppe.ch\/fr\/wp-json\/wp\/v2\/types\/page"}],"author":[{"embeddable":true,"href":"https:\/\/hurni-gruppe.ch\/fr\/wp-json\/wp\/v2\/users\/2"}],"replies":[{"embeddable":true,"href":"https:\/\/hurni-gruppe.ch\/fr\/wp-json\/wp\/v2\/comments?post=2394"}],"version-history":[{"count":16,"href":"https:\/\/hurni-gruppe.ch\/fr\/wp-json\/wp\/v2\/pages\/2394\/revisions"}],"predecessor-version":[{"id":4752,"href":"https:\/\/hurni-gruppe.ch\/fr\/wp-json\/wp\/v2\/pages\/2394\/revisions\/4752"}],"up":[{"embeddable":true,"href":"https:\/\/hurni-gruppe.ch\/fr\/wp-json\/wp\/v2\/pages\/1541"}],"wp:featuredmedia":[{"embeddable":true,"href":"https:\/\/hurni-gruppe.ch\/fr\/wp-json\/wp\/v2\/media\/2170"}],"wp:attachment":[{"href":"https:\/\/hurni-gruppe.ch\/fr\/wp-json\/wp\/v2\/media?parent=2394"}],"curies":[{"name":"wp","href":"https:\/\/api.w.org\/{rel}","templated":true}]}}